{"id":217,"date":"2025-05-26T07:07:21","date_gmt":"2025-05-26T05:07:21","guid":{"rendered":"https:\/\/ravintolatar.fi\/food\/"},"modified":"2026-01-27T09:45:33","modified_gmt":"2026-01-27T07:45:33","slug":"food","status":"publish","type":"page","link":"https:\/\/ravintolatar.fi\/fi\/food\/","title":{"rendered":"Ruoka &amp; juoma"},"content":{"rendered":"<section class=\"tar-hero\">\n    <div class=\"inner\" style=\"background-image: url(https&#x3A;&#x2F;&#x2F;ravintolatar.fi&#x2F;wp-content&#x2F;uploads&#x2F;2025&#x2F;06&#x2F;Ravintola-TAR-Helsinki-menu-food-and-drink-1.jpg)\">\n          <div class=\"content\">\n      <p>RUOKA &amp; JUOMA<\/p>\n<h1>Unohtumattomia<br \/>\nmakuja<\/h1>\n\n    <\/div>\n  <\/div>\n<\/section>\n\n<section class=\"tar-text noimage\">\n  <div class=\"inner\">\n    <div class=\"text\">\n      <h2>Ruoka<\/h2>\n<p>Virolaisesta perinn\u00f6st\u00e4mme vaikutteita saaneen TAR-ravintolan nimikkoannokset yll\u00e4tt\u00e4v\u00e4t raaka-aineillaan, esillepanollaan ja teknisell\u00e4 toteutuksellaan. T\u00e4m\u00e4 rohkea l\u00e4hestymistapa on keitti\u00f6mestari T\u00f5nis Siigurin tunnusmerkki. H\u00e4n on tunnettu klassisten ranskalaisten tekniikoiden mestarillisesta k\u00e4yt\u00f6st\u00e4\u00e4n s\u00e4ilytt\u00e4en samalla omaleimaisen henkil\u00f6kohtaisen tyylins\u00e4, joka j\u00e4tt\u00e4\u00e4 vahvan tekij\u00e4llisen j\u00e4ljen jokaiseen annokseen \u2013 yhdist\u00e4en saumattomasti hienostuneita ja maalaismaisia \u200b\u200bruokia.<\/p>\n\n    <\/div>\n      <\/div>\n<\/section>\n\n<section class=\"tar-menu lighter left\">\n  <div class=\"inner\">\n        <div class=\"image\">\n      <img decoding=\"async\" src=\"https&#x3A;&#x2F;&#x2F;ravintolatar.fi&#x2F;wp-content&#x2F;uploads&#x2F;2025&#x2F;06&#x2F;Ravintola-TAR-Helsinki-menu-caviar-1.jpg\" alt=\"\" \/>\n    <\/div>\n        <div class=\"content\">\n      <h2>Caviar<\/h2>\n      <p><strong>ROSSINI OSCIETRA CLASSIC 15<\/strong><br \/>\n\u201cBump\u201d 3g<\/p>\n\n    <\/div>\n  <\/div>\n<\/section>\n\n<section class=\"tar-menu light right\">\n  <div class=\"inner\">\n        <div class=\"image\">\n      <img decoding=\"async\" src=\"https&#x3A;&#x2F;&#x2F;ravintolatar.fi&#x2F;wp-content&#x2F;uploads&#x2F;2025&#x2F;06&#x2F;Ravintola-TAR-Helsinki-menu-to-start-1.jpg\" alt=\"\" \/>\n    <\/div>\n        <div class=\"content\">\n      <h2>sTARtti<\/h2>\n      <p data-start=\"133\" data-end=\"242\"><strong data-start=\"133\" data-end=\"163\">PUNAJUURI TARtar (G, L) 15<\/strong><br data-start=\"163\" data-end=\"166\" \/>\u00a0<span class=\"a_GcMg font-feature-liga-off font-feature-clig-off font-feature-calt-off text-decoration-none text-strikethrough-none\">Punasalaatti, karhunlaukka, hummus, punajuurilastuja<\/span><\/p>\n<p data-start=\"244\" data-end=\"322\"><strong data-start=\"244\" data-end=\"274\">PAAHDETUT ARTISOKAT (G) 15<\/strong><br data-start=\"274\" data-end=\"277\" \/>T\u00eate de Moine -juusto, savustettu tervahunaja<\/p>\n<p data-start=\"407\" data-end=\"492\"><strong data-start=\"407\" data-end=\"444\">TIIKERIRAVUT \u201cKUNG SARONG\u201d (L) 19<\/strong><br data-start=\"444\" data-end=\"447\" \/>Mirin-vinaigrette, sitruunaruoho, kaffir-lime<\/p>\n<p data-start=\"494\" data-end=\"584\"><strong data-start=\"494\" data-end=\"514\">ANKKATACO (L) 18<\/strong><br data-start=\"514\" data-end=\"517\" \/>Paratha-leip\u00e4, rapea ankka, hoisin-glaseeraus, kurkku, kev\u00e4tsipuli<\/p>\n<p data-start=\"586\" data-end=\"723\"><strong data-start=\"586\" data-end=\"631\">HIILTYNYT \u201cDNA\u201d RUISLEIP\u00c4 &amp; PORSAS (L) 15<\/strong><br data-start=\"631\" data-end=\"634\" \/>BBQ-possunkylki, talon ruisleip\u00e4, karhunlaukka, krassi,<br data-start=\"689\" data-end=\"692\" \/>Maap\u00e4hkin\u00e4sinappi, rapea sipuli<\/p>\n<p data-start=\"725\" data-end=\"822\"><strong data-start=\"725\" data-end=\"749\">NAUDAN TARTAR (L) 24<\/strong><br data-start=\"749\" data-end=\"752\" \/>Savustettu &amp; marinoitu kurkku, klassiset lisukkeet, valkosipulibrioshi<\/p>\n<p data-start=\"824\" data-end=\"923\"><strong data-start=\"824\" data-end=\"857\">SIIKACRUDO KAHDELLE (G, L) 35<\/strong><br data-start=\"857\" data-end=\"860\" \/>BBQ-hapankerma, yrtti-sipuliseos, siianm\u00e4ti, l\u00e4mmin suolaperuna<\/p>\n\n    <\/div>\n  <\/div>\n<\/section>\n\n<section class=\"tar-menu mid left\">\n  <div class=\"inner\">\n        <div class=\"image\">\n      <img decoding=\"async\" src=\"https&#x3A;&#x2F;&#x2F;ravintolatar.fi&#x2F;wp-content&#x2F;uploads&#x2F;2025&#x2F;06&#x2F;Ravintola-TAR-Helsinki-menu-main-1.jpg\" alt=\"\" \/>\n    <\/div>\n        <div class=\"content\">\n      <h2>Maalta<\/h2>\n      <p data-start=\"107\" data-end=\"202\"><strong data-start=\"107\" data-end=\"136\">SELLERISIMPUKAT (G, L) 25<\/strong><br data-start=\"136\" data-end=\"139\" \/>Paahdettu juuriselleri, miso, tryffeli, rapea salvia, yuzugeeli<\/p>\n<p data-start=\"204\" data-end=\"339\"><strong data-start=\"204\" data-end=\"237\">GRILLATTU ENTREC\u00d4TE (G, L) 49<\/strong><br data-start=\"237\" data-end=\"240\" \/>Pikkel\u00f6ity paprika, j\u00e4ttisiitake, <span class=\"a_GcMg font-feature-liga-off font-feature-clig-off font-feature-calt-off text-decoration-none text-strikethrough-none\">pariisinperunat<\/span>, broccolini, b\u00e9arnaise, klassinen pippurikastike<\/p>\n<p data-start=\"341\" data-end=\"450\"><strong data-start=\"341\" data-end=\"377\">GRILLATTU KARITSAN SATULA (L) 36<\/strong><br data-start=\"377\" data-end=\"380\" \/>Broccolini, chimichurri, paahdettu juuriselleripyree, karitsan kastike<\/p>\n\n    <\/div>\n  <\/div>\n<\/section>\n\n<section class=\"tar-menu dark right\">\n  <div class=\"inner\">\n        <div class=\"image\">\n      <img decoding=\"async\" src=\"https&#x3A;&#x2F;&#x2F;ravintolatar.fi&#x2F;wp-content&#x2F;uploads&#x2F;2025&#x2F;08&#x2F;TAR-seafood-soup-1024x1536.jpg\" alt=\"\" \/>\n    <\/div>\n        <div class=\"content\">\n      <h2>Merelt\u00e4<\/h2>\n      <p data-start=\"125\" data-end=\"227\"><strong data-start=\"125\" data-end=\"153\">MERIAHVENEN FILEE (L) 35<\/strong><br data-start=\"153\" data-end=\"156\" \/>Simpukat, samettinen perunamuusi, grillattu parsa, tyrni\u2013sahramikastike<\/p>\n<p data-start=\"229\" data-end=\"331\"><strong data-start=\"229\" data-end=\"267\">GRILLATTU MUSTEKALA-RISOTTO (G) 28<\/strong><br data-start=\"267\" data-end=\"270\" \/>Tulinen \u2019nduja, aurinkokuivatut tomaatit, basilika, balsamico<\/p>\n<p class=\"p1\"><strong>JASPERIN KALASOPPA &amp; RUISLEIP\u00c4 (L G) 23 \/ NELJ\u00c4LLE 84<\/strong><br \/>\nKotimaista vastuullisesti kasvatettua kirjolohta &amp; kuumansavustettua kirjolohta<br \/>\n<em>Lahjoitamme 0,50 \u20ac jokaisesta kalasopasta Virtavesien hoitoyhdistys Virholle uhanalaisten taimenkantojen suojeluun.<\/em><\/p>\n\n    <\/div>\n  <\/div>\n<\/section>\n\n<section class=\"tar-menu mid left\">\n  <div class=\"inner\">\n        <div class=\"image\">\n      <img decoding=\"async\" src=\"https&#x3A;&#x2F;&#x2F;ravintolatar.fi&#x2F;wp-content&#x2F;uploads&#x2F;2025&#x2F;06&#x2F;Ravintola-TAR-Helsinki-menu-sides-1.jpg\" alt=\"\" \/>\n    <\/div>\n        <div class=\"content\">\n      <h2>Lisukkeet<\/h2>\n      <p><strong data-start=\"132\" data-end=\"165\">SKAGEN-RANSKALAISET (G, L) 14<\/strong><\/p>\n<p><strong data-start=\"202\" data-end=\"229\"><span class=\"a_GcMg font-feature-liga-off font-feature-clig-off font-feature-calt-off text-decoration-none text-strikethrough-none\">PARIISINPERUNAT<\/span> (G, L) 7<\/strong><\/p>\n<p><strong data-start=\"232\" data-end=\"264\">SAMETTINEN PERUNAMUUSI (G) 7<\/strong><\/p>\n<p><strong data-start=\"267\" data-end=\"301\">KONFITOIDUT PORKKANAT (G, L) 7<\/strong><\/p>\n<p><strong data-start=\"304\" data-end=\"340\">MUSTA LEIP\u00c4 &amp; VATKATTU VOI (L) 3<\/strong><\/p>\n<p><strong><span class=\"a_GcMg font-feature-liga-off font-feature-clig-off font-feature-calt-off text-decoration-none text-strikethrough-none\">VALKOSIPULIBRIOSSI (L) 5<\/span><\/strong><\/p>\n\n    <\/div>\n  <\/div>\n<\/section>\n\n<section class=\"tar-menu light right\">\n  <div class=\"inner\">\n        <div class=\"image\">\n      <img decoding=\"async\" src=\"https&#x3A;&#x2F;&#x2F;ravintolatar.fi&#x2F;wp-content&#x2F;uploads&#x2F;2025&#x2F;06&#x2F;Ravintola-TAR-Helsinki-menu-dessert-1.jpg\" alt=\"\" \/>\n    <\/div>\n        <div class=\"content\">\n      <h2>J\u00e4lkiruoat<\/h2>\n      <p data-start=\"106\" data-end=\"189\"><strong data-start=\"106\" data-end=\"127\">PAIN PERDU (L) 14<\/strong><br data-start=\"127\" data-end=\"130\" \/>Karamellisoitu brioshi, hasselp\u00e4hkin\u00e4j\u00e4\u00e4tel\u00f6, vaniljakreemi<\/p>\n<p data-start=\"191\" data-end=\"268\"><strong data-start=\"191\" data-end=\"211\">FULL MOON (L) 14<\/strong><br data-start=\"211\" data-end=\"214\" \/>Tumma suklaa\u2013passionganache, vadelma, mustikkasorbetti<\/p>\n<p data-start=\"270\" data-end=\"339\"><strong data-start=\"270\" data-end=\"301\">KUUMA BANAANI-BR\u00dbL\u00c9E (L) 14<\/strong><br data-start=\"301\" data-end=\"304\" \/>Karamelli\u2013viskikastike, TAR-j\u00e4\u00e4tel\u00f6<\/p>\n<p data-start=\"341\" data-end=\"461\"><span class=\"a_GcMg font-feature-liga-off font-feature-clig-off font-feature-calt-off text-decoration-none text-strikethrough-none\"><strong>RANSKALAINEN SUKLAAKAKKU &amp; LIK\u00d6\u00d6RIKIRSIKAT (G,L) 14<\/strong><br \/>\n<\/span><span class=\"a_GcMg font-feature-liga-off font-feature-clig-off font-feature-calt-off text-decoration-none text-strikethrough-none\">Kardemummavaahto, kirsikkavohvelikeksi, p\u00e4hkin\u00f6it\u00e4<\/span><\/p>\n\n    <\/div>\n  <\/div>\n<\/section>\n\n<section class=\"tar-menu mid left\">\n  <div class=\"inner\">\n        <div class=\"image\">\n      <img decoding=\"async\" src=\"https&#x3A;&#x2F;&#x2F;ravintolatar.fi&#x2F;wp-content&#x2F;uploads&#x2F;2025&#x2F;06&#x2F;Ravintola-TAR-Helsinki-menu-cocktail-dessert-1.jpg\" alt=\"\" \/>\n    <\/div>\n        <div class=\"content\">\n      <h2>Cocktail-j\u00e4lkiruoat<\/h2>\n      <p data-start=\"237\" data-end=\"332\"><strong data-start=\"237\" data-end=\"263\">TROPICAL KISS (G, L) 9<br \/>\n<\/strong><span class=\"a_GcMg font-feature-liga-off font-feature-clig-off font-feature-calt-off text-decoration-none text-strikethrough-none\">mango,<\/span><span class=\"a_GcMg font-feature-liga-off font-feature-clig-off font-feature-calt-off text-decoration-none text-strikethrough-none\"> rommissa paistettu ananas<\/span><span class=\"a_GcMg font-feature-liga-off font-feature-clig-off font-feature-calt-off text-decoration-none text-strikethrough-none\">, passionhedelm\u00e4,\u00a0<\/span><span class=\"a_GcMg font-feature-liga-off font-feature-clig-off font-feature-calt-off text-decoration-none text-strikethrough-none\">kookosj\u00e4\u00e4tel\u00f6, <\/span><span class=\"a_GcMg font-feature-liga-off font-feature-clig-off font-feature-calt-off text-decoration-none text-strikethrough-none\">limekaviaari<\/span><\/p>\n<p data-start=\"334\" data-end=\"459\"><strong data-start=\"334\" data-end=\"369\">MAUSTETUT UUNIOHRA-OMENAT (L) 9<\/strong><br data-start=\"369\" data-end=\"372\" \/>Kaneli, vaahterasiirappi, suolahiutale, vaniljaj\u00e4\u00e4tel\u00f6, Granola, kermavaahto, rusinat<\/p>\n<p data-start=\"461\" data-end=\"543\"><strong data-start=\"461\" data-end=\"487\">SEXPRESSOTINI (G, L) 9<\/strong><br data-start=\"487\" data-end=\"490\" \/>J\u00e4\u00e4kylm\u00e4 espresso martini, vaniljaj\u00e4\u00e4tel\u00f6, kultahippu<\/p>\n\n    <\/div>\n  <\/div>\n<\/section>\n\n<section class=\"tar-text right\" id=\"juoma\">\n  <div class=\"inner\">\n    <div class=\"text\">\n      <h2>Juoma<\/h2>\n<p>Sommelierimme Marko M\u00e4gi on koonnut juomavalikoiman, joka heijastaa sek\u00e4 tarkkuutta ett\u00e4 intohimoa. Eleganteista viineist\u00e4 ja k\u00e4sintehdyist\u00e4 cocktaileista huolella valittuihin alkoholittomiin juomiin, jokainen lasi on valittu nostamaan kokemuksesi TARissa uudelle tasolle. Etsitp\u00e4 sitten t\u00e4ydennyst\u00e4 ateriallesi tai vain ikimuistoista juomaa, listamme kutsuu sinut tutkimaan, l\u00f6yt\u00e4m\u00e4\u00e4n ja nauttimaan.<\/p>\n<p><a href=\"https:\/\/ravintolatar.fi\/wp-content\/uploads\/2025\/07\/TAR-DRINK-BIBLE-07-2025.pdf\" target=\"_blank\" rel=\"noopener\">TARin juomalista<\/a>.<\/p>\n\n    <\/div>\n        <div class=\"image\">\n      <img decoding=\"async\" src=\"https&#x3A;&#x2F;&#x2F;ravintolatar.fi&#x2F;wp-content&#x2F;uploads&#x2F;2025&#x2F;06&#x2F;Ravintola-TAR-Helsinki-drinks-1-757x1024.jpg\" alt=\"\" \/>\n    <\/div>\n      <\/div>\n<\/section>\n\n<section class=\"tar-footer\">\n      <div class=\"links\">\n              <a href=\"https&#x3A;&#x2F;&#x2F;ravintolatar.fi&#x2F;fi&#x2F;food&#x2F;\" style=\"background-image: url(https&#x3A;&#x2F;&#x2F;ravintolatar.fi&#x2F;wp-content&#x2F;uploads&#x2F;2025&#x2F;06&#x2F;Test-kitchen-2025-13-683x1024.jpg)\">\n          <div><\/div>\n          <span>Ruoka<\/span>\n        <\/a>\n              <a href=\"https&#x3A;&#x2F;&#x2F;ravintolatar.fi&#x2F;fi&#x2F;food&#x2F;&#x23;juoma\" style=\"background-image: url(https&#x3A;&#x2F;&#x2F;ravintolatar.fi&#x2F;wp-content&#x2F;uploads&#x2F;2025&#x2F;06&#x2F;TAR-ravintola-restaurant-Helsinki-drinks-683x1024.jpg)\">\n          <div><\/div>\n          <span>Juoma<\/span>\n        <\/a>\n              <a href=\"https&#x3A;&#x2F;&#x2F;ravintolatar.fi&#x2F;fi&#x2F;story&#x2F;\" style=\"background-image: url(https&#x3A;&#x2F;&#x2F;ravintolatar.fi&#x2F;wp-content&#x2F;uploads&#x2F;2025&#x2F;06&#x2F;ts-819x1024.jpg)\">\n          <div><\/div>\n          <span>Story<\/span>\n        <\/a>\n          <\/div>\n    <div class=\"inner1\">\n    <div class=\"col50\">\n      <h2>Yhteystiedot<\/h2>\n      <div class=\"col contact\">\n        <p>\n          Ravintola TAR<br \/>\nTervasaarenkannas 3<br \/>\nFI-00170 Helsinki\n        <\/p>\n        <p>\n          <a href=\"https:\/\/maps.app.goo.gl\/ME2T5LNcXD5rTjb79\" rel=\"noreferrer noopener\" target=\"_blank\">\n            Kartta\n          <\/a>\n        <\/p>\n        <p>\n          <a href=\"tel:+358105086060\">+358 10 508 6060<\/a><br \/>\n          <a href=\"mailto:tar@ravintolatar.fi\">tar@ravintolatar.fi<\/a>\n        <\/p>\n              <\/div>\n    <\/div>\n    <div class=\"col50\">\n      <h2>Aukioloajat<\/h2>\n      <div class=\"col hours\">\n\t  \t\t\t<p>\n\t\t\tTAR on t\u00e4ll\u00e4 hetkell\u00e4 suljettu <br \/>\r\nTervasaaren p\u00e4\u00e4vesijohdon j\u00e4\u00e4tymisen vuoksi.\n\t\t<\/p>\n\t\t\t\t<p>\n\t\t\tIlmoitamme, kun olemme j\u00e4lleen avoinna.\n\t\t<\/p>\n\t\t\t\t      <\/div>\n    <\/div>\n          <\/div>\n  <div class=\"inner2\">\n    <div class=\"col\">\n      <h2>Sivukartta<\/h2>\n              <a href=\"https&#x3A;&#x2F;&#x2F;ravintolatar.fi&#x2F;sample-page&#x2F;\">Welcome<\/a><br \/>\n              <a href=\"https&#x3A;&#x2F;&#x2F;ravintolatar.fi&#x2F;food&#x2F;\">Food &amp; Drink<\/a><br \/>\n              <a href=\"https&#x3A;&#x2F;&#x2F;ravintolatar.fi&#x2F;story&#x2F;\">Story<\/a><br \/>\n              <a href=\"https&#x3A;&#x2F;&#x2F;ravintolatar.fi&#x2F;gift-cards&#x2F;\">Gift cards<\/a><br \/>\n              <a href=\"https&#x3A;&#x2F;&#x2F;siigur.ee&#x2F;en&#x2F;loyalty-program&#x2F;\">Loyalty program<\/a><br \/>\n              <a href=\"https&#x3A;&#x2F;&#x2F;ravintolatar.fi&#x2F;contact&#x2F;\">Contact<\/a><br \/>\n          <\/div>\n    <div class=\"col\">\n      <h2>Seuraa<\/h2>\n\t  \t  \t<a href=\"https&#x3A;&#x2F;&#x2F;www.instagram.com&#x2F;tarhelsinki&#x2F;\" rel=\"noreferrer noopener\" target=\"_blank\">Instagram<\/a><br \/>\n\t  \t  \t<a href=\"https&#x3A;&#x2F;&#x2F;www.facebook.com&#x2F;people&#x2F;TAR-Helsinki&#x2F;61574536226753&#x2F;\" rel=\"noreferrer noopener\" target=\"_blank\">Facebook<\/a><br \/>\n\t  \t      <\/div>\n      <\/div>\n  <div class=\"inner3\">\n    <div class=\"col1\">\n      &copy; TAR 2026 &nbsp; <a href=\"&#x2F;tietosuoja\">Tietosuoja<\/a>\n    <\/div>\n    <div class=\"col2\">\n      <svg viewBox=\"0 0 160 76\" fill=\"none\" xmlns=\"http:\/\/www.w3.org\/2000\/svg\">\n        <path d=\"M159.409 24.8472C159.343 11.3992 148.29 0.575195 134.809 0.575195H109.258V75.4248H114.309V61.3864C114.309 54.6952 119.721 49.2832 126.412 49.2832H131.857C134.842 49.2832 137.662 50.8248 139.237 53.3832L152.98 75.392H158.917L147.01 56.3352C144.583 52.4648 145.567 47.3808 149.241 44.724C155.374 40.2632 159.376 33.0144 159.343 24.8472H159.409ZM114.309 35.6056V14.3184C114.309 9.4968 118.212 5.6264 123.001 5.6264H134.809C145.502 5.6264 154.292 14.22 154.325 24.9128C154.325 35.6056 145.666 44.2976 134.973 44.2976H122.968C118.146 44.2976 114.276 40.3944 114.276 35.6056H114.309ZM24.732 17.7296C24.732 11.0384 19.32 5.6264 12.6288 5.6264H0.591187V0.575195H53.924V5.6264H41.8536C35.1624 5.6264 29.7504 11.0384 29.7504 17.7296V75.392H24.6992V17.7296H24.732ZM96.1704 75.392H101.517L75.7688 0.575195H70.4224L44.6744 75.392H50.0208L52.7432 67.4872C54.416 62.6 59.008 59.32 64.1904 59.32H82.0336C87.216 59.32 91.808 62.6 93.4808 67.4872L96.2032 75.392H96.1704ZM61.2384 42.756L68.9792 20.288C70.324 16.3848 75.8672 16.3848 77.212 20.288L84.9528 42.756C86.888 48.3976 82.6896 54.3016 76.72 54.3016H69.4712C63.5016 54.3016 59.3032 48.4304 61.2384 42.756Z\" \/>\n      <\/svg>\n    <\/div>\n    <div class=\"col3\">\n      <div class=\"lang\">\n        <a href=\"\/fi\" class=\"active\">FI<\/a>\n        <span>|<\/span>\n        <a href=\"\/et\">ET<\/a>\n        <span>|<\/span>\n        <a href=\"\/\">EN<\/a>\n      <\/div>\n    <\/div>\n  <\/div>\n<\/section>\n","protected":false},"excerpt":{"rendered":"","protected":false},"author":2,"featured_media":0,"parent":0,"menu_order":0,"comment_status":"closed","ping_status":"closed","template":"","meta":{"_acf_changed":false,"footnotes":""},"class_list":["post-217","page","type-page","status-publish","hentry"],"acf":[],"yoast_head":"<!-- This site is optimized with the Yoast SEO plugin v27.1.1 - https:\/\/yoast.com\/product\/yoast-seo-wordpress\/ -->\n<title>Ruoka &amp; juoma - TAR<\/title>\n<meta name=\"robots\" content=\"index, follow, max-snippet:-1, max-image-preview:large, max-video-preview:-1\" \/>\n<link rel=\"canonical\" href=\"https:\/\/ravintolatar.fi\/fi\/food\/\" \/>\n<meta property=\"og:locale\" content=\"fi_FI\" \/>\n<meta property=\"og:type\" content=\"article\" \/>\n<meta property=\"og:title\" content=\"Ruoka &amp; juoma - TAR\" \/>\n<meta property=\"og:url\" content=\"https:\/\/ravintolatar.fi\/fi\/food\/\" \/>\n<meta property=\"og:site_name\" content=\"TAR\" \/>\n<meta property=\"article:modified_time\" content=\"2026-01-27T07:45:33+00:00\" \/>\n<meta property=\"og:image\" content=\"https:\/\/ravintolatar.fi\/wp-content\/uploads\/2025\/05\/hero1.jpg\" \/>\n\t<meta property=\"og:image:width\" content=\"1343\" \/>\n\t<meta property=\"og:image:height\" content=\"614\" \/>\n\t<meta property=\"og:image:type\" content=\"image\/jpeg\" \/>\n<meta name=\"twitter:card\" content=\"summary_large_image\" \/>\n<meta name=\"twitter:label1\" content=\"Arvioitu lukuaika\" \/>\n\t<meta name=\"twitter:data1\" content=\"4 minuuttia\" \/>\n<script type=\"application\/ld+json\" class=\"yoast-schema-graph\">{\"@context\":\"https:\/\/schema.org\",\"@graph\":[{\"@type\":\"WebPage\",\"@id\":\"https:\/\/ravintolatar.fi\/fi\/food\/\",\"url\":\"https:\/\/ravintolatar.fi\/fi\/food\/\",\"name\":\"Ruoka &amp; juoma - TAR\",\"isPartOf\":{\"@id\":\"https:\/\/ravintolatar.fi\/fi\/#website\"},\"datePublished\":\"2025-05-26T05:07:21+00:00\",\"dateModified\":\"2026-01-27T07:45:33+00:00\",\"breadcrumb\":{\"@id\":\"https:\/\/ravintolatar.fi\/fi\/food\/#breadcrumb\"},\"inLanguage\":\"fi\",\"potentialAction\":[{\"@type\":\"ReadAction\",\"target\":[\"https:\/\/ravintolatar.fi\/fi\/food\/\"]}]},{\"@type\":\"BreadcrumbList\",\"@id\":\"https:\/\/ravintolatar.fi\/fi\/food\/#breadcrumb\",\"itemListElement\":[{\"@type\":\"ListItem\",\"position\":1,\"name\":\"Home\",\"item\":\"https:\/\/ravintolatar.fi\/fi\/\"},{\"@type\":\"ListItem\",\"position\":2,\"name\":\"Ruoka &amp; juoma\"}]},{\"@type\":\"WebSite\",\"@id\":\"https:\/\/ravintolatar.fi\/fi\/#website\",\"url\":\"https:\/\/ravintolatar.fi\/fi\/\",\"name\":\"Ravintola TAR\",\"description\":\"Unforgettable flavors\",\"alternateName\":\"TAR\",\"potentialAction\":[{\"@type\":\"SearchAction\",\"target\":{\"@type\":\"EntryPoint\",\"urlTemplate\":\"https:\/\/ravintolatar.fi\/fi\/?s={search_term_string}\"},\"query-input\":{\"@type\":\"PropertyValueSpecification\",\"valueRequired\":true,\"valueName\":\"search_term_string\"}}],\"inLanguage\":\"fi\"}]}<\/script>\n<!-- \/ Yoast SEO plugin. -->","yoast_head_json":{"title":"Ruoka &amp; juoma - TAR","robots":{"index":"index","follow":"follow","max-snippet":"max-snippet:-1","max-image-preview":"max-image-preview:large","max-video-preview":"max-video-preview:-1"},"canonical":"https:\/\/ravintolatar.fi\/fi\/food\/","og_locale":"fi_FI","og_type":"article","og_title":"Ruoka &amp; juoma - TAR","og_url":"https:\/\/ravintolatar.fi\/fi\/food\/","og_site_name":"TAR","article_modified_time":"2026-01-27T07:45:33+00:00","og_image":[{"width":1343,"height":614,"url":"https:\/\/ravintolatar.fi\/wp-content\/uploads\/2025\/05\/hero1.jpg","type":"image\/jpeg"}],"twitter_card":"summary_large_image","twitter_misc":{"Arvioitu lukuaika":"4 minuuttia"},"schema":{"@context":"https:\/\/schema.org","@graph":[{"@type":"WebPage","@id":"https:\/\/ravintolatar.fi\/fi\/food\/","url":"https:\/\/ravintolatar.fi\/fi\/food\/","name":"Ruoka &amp; juoma - TAR","isPartOf":{"@id":"https:\/\/ravintolatar.fi\/fi\/#website"},"datePublished":"2025-05-26T05:07:21+00:00","dateModified":"2026-01-27T07:45:33+00:00","breadcrumb":{"@id":"https:\/\/ravintolatar.fi\/fi\/food\/#breadcrumb"},"inLanguage":"fi","potentialAction":[{"@type":"ReadAction","target":["https:\/\/ravintolatar.fi\/fi\/food\/"]}]},{"@type":"BreadcrumbList","@id":"https:\/\/ravintolatar.fi\/fi\/food\/#breadcrumb","itemListElement":[{"@type":"ListItem","position":1,"name":"Home","item":"https:\/\/ravintolatar.fi\/fi\/"},{"@type":"ListItem","position":2,"name":"Ruoka &amp; juoma"}]},{"@type":"WebSite","@id":"https:\/\/ravintolatar.fi\/fi\/#website","url":"https:\/\/ravintolatar.fi\/fi\/","name":"Ravintola TAR","description":"Unforgettable flavors","alternateName":"TAR","potentialAction":[{"@type":"SearchAction","target":{"@type":"EntryPoint","urlTemplate":"https:\/\/ravintolatar.fi\/fi\/?s={search_term_string}"},"query-input":{"@type":"PropertyValueSpecification","valueRequired":true,"valueName":"search_term_string"}}],"inLanguage":"fi"}]}},"_links":{"self":[{"href":"https:\/\/ravintolatar.fi\/fi\/wp-json\/wp\/v2\/pages\/217","targetHints":{"allow":["GET"]}}],"collection":[{"href":"https:\/\/ravintolatar.fi\/fi\/wp-json\/wp\/v2\/pages"}],"about":[{"href":"https:\/\/ravintolatar.fi\/fi\/wp-json\/wp\/v2\/types\/page"}],"author":[{"embeddable":true,"href":"https:\/\/ravintolatar.fi\/fi\/wp-json\/wp\/v2\/users\/2"}],"replies":[{"embeddable":true,"href":"https:\/\/ravintolatar.fi\/fi\/wp-json\/wp\/v2\/comments?post=217"}],"version-history":[{"count":34,"href":"https:\/\/ravintolatar.fi\/fi\/wp-json\/wp\/v2\/pages\/217\/revisions"}],"predecessor-version":[{"id":1149,"href":"https:\/\/ravintolatar.fi\/fi\/wp-json\/wp\/v2\/pages\/217\/revisions\/1149"}],"wp:attachment":[{"href":"https:\/\/ravintolatar.fi\/fi\/wp-json\/wp\/v2\/media?parent=217"}],"curies":[{"name":"wp","href":"https:\/\/api.w.org\/{rel}","templated":true}]}}