{"id":211,"date":"2025-05-26T07:08:00","date_gmt":"2025-05-26T05:08:00","guid":{"rendered":"https:\/\/ravintolatar.fi\/story\/"},"modified":"2025-11-20T15:12:19","modified_gmt":"2025-11-20T13:12:19","slug":"story","status":"publish","type":"page","link":"https:\/\/ravintolatar.fi\/fi\/story\/","title":{"rendered":"Tarina"},"content":{"rendered":"<section class=\"tar-hero\">\n    <div class=\"inner\" style=\"background-image: url(https&#x3A;&#x2F;&#x2F;ravintolatar.fi&#x2F;wp-content&#x2F;uploads&#x2F;2025&#x2F;06&#x2F;Ravintola-TAR-Helsinki-restaurant-story.jpg)\">\n          <div class=\"content\">\n      <p>TARINA<\/p>\n<h1>Uniikki sijainti piilotetulla saarella<\/h1>\n\n    <\/div>\n  <\/div>\n<\/section>\n\n<section class=\"tar-text right\">\n  <div class=\"inner\">\n    <div class=\"text\">\n      <h2>Sijainti<\/h2>\n<p>Lyhyen k\u00e4velymatkan p\u00e4\u00e4ss\u00e4 Helsingin vilkkaasta keskustasta sijaitseva Tervasaari on niin ainutlaatuinen paikka, ett\u00e4 se tuntuu melkein omalta maailmaltaan.<\/p>\n<p>TAR-ravintolan alkuper\u00e4inen rakennus \u2013 jonka juuret ulottuvat vuoteen 1805 \u2013 on elvytetty AOR arkkitehtit ja PINKin sisustussuunnittelija Tarmo Piirmetsin toimesta yhdist\u00e4m\u00e4ll\u00e4 vanhaa ja uutta. Restaurointi s\u00e4ilytti rakennuksen alkuper\u00e4isen rakenteen kunnioittaen saaren rikasta historiaa.<\/p>\n<p>Tervasaari oli aikoinaan osa Helsingin Pohjoissatamaa ja toimi kaupungin tervakaupan keskuksena. Vuonna 1939 rakennettiin Tervasaaren pengertie, joka yhdisti saaren Pohjoisrantaan ja pysyv\u00e4sti Kruununhakaan. Nyky\u00e4\u00e4n Tervasaari on avoinna yleis\u00f6lle ja siit\u00e4 on tehty vieh\u00e4tt\u00e4v\u00e4 virkistysalue.<\/p>\n<p>Toivotamme sinut tervetulleeksi uuteen vastaremontoituun TARiin!<\/p>\n\n    <\/div>\n        <div class=\"image\">\n      <img decoding=\"async\" src=\"https&#x3A;&#x2F;&#x2F;ravintolatar.fi&#x2F;wp-content&#x2F;uploads&#x2F;2025&#x2F;06&#x2F;ts-819x1024.jpg\" alt=\"\" \/>\n    <\/div>\n      <\/div>\n<\/section>\n\n<section class=\"tar-text left\">\n  <div class=\"inner\">\n    <div class=\"text\">\n      <h2>Mit\u00e4 odottaa TARilta?<\/h2>\n<p>P\u00e4iv\u00e4saikaan TAR tarjoaa ylellisen maalaismaisen ruokailukokemuksen, jossa vieraat voivat nauttia rennosta mutta hienostuneesta ymp\u00e4rist\u00f6st\u00e4.\u00a0Illalla tunnelma muuttuu, luoden elegantin ja mukaansatempaavan ruokailukokemuksen, jossa on hienostunut tunnelma ja menu joka korostaa TARin taiteellisuutta ja tarkkuutta.<\/p>\n<p>TARissa on kaksi tyylik\u00e4st\u00e4 ja selke\u00e4sti erilaista juhlatilaa &#8211; <strong>Aitta<\/strong> ja <strong>Paviljonki<\/strong> &#8211; jotka yhdess\u00e4 voivat vastaanottaa jopa 100 vierasta. Molemmat tilat on sisustettu l\u00e4mpim\u00e4n s\u00e4vyisell\u00e4 pohjoismaisella designilla, luoden rauhallisen ja elegantin tunnelman.<\/p>\n<p><strong>Aitta<\/strong> sijaitsee rakennuksessa, joka on per\u00e4isin vuodelta 1805. Luonnonmateriaalit antavat tilalle ainutlaatuisen luonteen. Merin\u00e4k\u00f6ala ja pehme\u00e4 valaistus luovat pys\u00e4htyneen tunnelman, jossa aika tuntuu hidastuvan. Se on ihanteellinen paikka sek\u00e4 intiimeille illallisille ett\u00e4 juhlallisille tilaisuuksille, joissa arvostetaan l\u00e4mmint\u00e4 ja rauhallista ilmapiiri\u00e4.<\/p>\n<p><strong>Paviljonki<\/strong> on lasipaviljonki, joka avautuu joka suuntaan ymp\u00e4r\u00f6iv\u00e4\u00e4n luontoon. 360\u00b0 ikkunat ja takka luovat ilmavan ja tunnelmallisen tilan, jossa valo ja tunnelma vaihtuvat kauniisti p\u00e4iv\u00e4n aikana. Se on t\u00e4ydellinen ymp\u00e4rist\u00f6 tilaisuuksille, jotka kaipaavat avaruutta, valoisuutta ja unohtumatonta tunnelmaa.<\/p>\n\n    <\/div>\n        <div class=\"image\">\n      <img decoding=\"async\" src=\"https&#x3A;&#x2F;&#x2F;ravintolatar.fi&#x2F;wp-content&#x2F;uploads&#x2F;2025&#x2F;11&#x2F;TAR-restaurant-ravintola-firplace--683x1024.jpg\" alt=\"\" \/>\n    <\/div>\n      <\/div>\n<\/section>\n\n<section class=\"tar-text right\">\n  <div class=\"inner\">\n    <div class=\"text\">\n      <h2>Tarina<\/h2>\n<p data-start=\"130\" data-end=\"482\">TAR sai alkunsa kolmen yst\u00e4v\u00e4n yhteisest\u00e4 intohimosta, heit\u00e4 yhdisti vuosien mittainen luottamus sek\u00e4 rakkaus hyviin makuihin, harkittuihin tiloihin ja aitoon vieraanvaraisuuteen. Ravintolan perustivat virolaisen Siigur-restoraneiden tiimiin kuuluvat T\u00f5nis Siigur ja Martti Siimann yhdess\u00e4 suomalaisen n\u00e4yttelij\u00e4n ja yritt\u00e4j\u00e4n Jasper P\u00e4\u00e4kk\u00f6sen kanssa.<\/p>\n<p data-start=\"484\" data-end=\"838\">Yst\u00e4vyys ja yhteisty\u00f6 ovat vuosien varrella syventyneet, ja taustalla on ollut yhteinen halu luoda jotain ainutlaatuista, sek\u00e4 sis\u00e4ll\u00f6lt\u00e4\u00e4n ett\u00e4 muodoltaan. Paikka, jossa ihmiset tuntevat olonsa tervetulleiksi ja jokainen yksityiskohta kertoo tarinaa. Historiallinen rakennus Tervasaaressa, merin\u00e4k\u00f6alalla kaupungin ylle, tuntui juuri oikealta paikalta.<\/p>\n<p data-start=\"840\" data-end=\"1020\">N\u00e4in syntyi TAR &#8211; ravintola, jossa perinteet ja moderni ajattelu kohtaavat. L\u00e4mminhenkinen ja ainutlaatuinen kohtaamispaikka, jossa jaetaan makuja, hetki\u00e4 ja inspiroivia tarinoita.<\/p>\n\n    <\/div>\n        <div class=\"image\">\n      <img decoding=\"async\" src=\"https&#x3A;&#x2F;&#x2F;ravintolatar.fi&#x2F;wp-content&#x2F;uploads&#x2F;2025&#x2F;11&#x2F;TAR-during-fall-5-683x1024.jpg\" alt=\"\" \/>\n    <\/div>\n      <\/div>\n<\/section>\n\n<section class=\"tar-gallery\">\n  <div class=\"inner\">\n        <div class=\"slider\">\n              <div class=\"slide\">\n          <img decoding=\"async\" src=\"https&#x3A;&#x2F;&#x2F;ravintolatar.fi&#x2F;wp-content&#x2F;uploads&#x2F;2025&#x2F;11&#x2F;TAR-Autumn-Silvia-Ingrid-Kukk.jpg\" alt=\"\">\n        <\/div>\n              <div class=\"slide\">\n          <img decoding=\"async\" src=\"https&#x3A;&#x2F;&#x2F;ravintolatar.fi&#x2F;wp-content&#x2F;uploads&#x2F;2025&#x2F;11&#x2F;TAR-christmas-menu-2025-13-2.jpg\" alt=\"\">\n        <\/div>\n              <div class=\"slide\">\n          <img decoding=\"async\" src=\"https&#x3A;&#x2F;&#x2F;ravintolatar.fi&#x2F;wp-content&#x2F;uploads&#x2F;2025&#x2F;11&#x2F;TAR-christmas-menu-2025-18-1.jpg\" alt=\"\">\n        <\/div>\n              <div class=\"slide\">\n          <img decoding=\"async\" src=\"https&#x3A;&#x2F;&#x2F;ravintolatar.fi&#x2F;wp-content&#x2F;uploads&#x2F;2025&#x2F;11&#x2F;TAR-christmas-menu-2025-19.jpg\" alt=\"\">\n        <\/div>\n              <div class=\"slide\">\n          <img decoding=\"async\" src=\"https&#x3A;&#x2F;&#x2F;ravintolatar.fi&#x2F;wp-content&#x2F;uploads&#x2F;2025&#x2F;11&#x2F;TAR-ravintola-Helsinki-restaurant-1-2048x1366.jpg\" alt=\"\">\n        <\/div>\n              <div class=\"slide\">\n          <img decoding=\"async\" src=\"https&#x3A;&#x2F;&#x2F;ravintolatar.fi&#x2F;wp-content&#x2F;uploads&#x2F;2025&#x2F;11&#x2F;TAR-ravintola-Helsinki-restaurant-3-2048x1366.jpg\" alt=\"\">\n        <\/div>\n              <div class=\"slide\">\n          <img decoding=\"async\" src=\"https&#x3A;&#x2F;&#x2F;ravintolatar.fi&#x2F;wp-content&#x2F;uploads&#x2F;2025&#x2F;11&#x2F;TAR-view-Silvia-Ingrid-Kukk.jpg\" alt=\"\">\n        <\/div>\n              <div class=\"slide\">\n          <img decoding=\"async\" src=\"https&#x3A;&#x2F;&#x2F;ravintolatar.fi&#x2F;wp-content&#x2F;uploads&#x2F;2025&#x2F;11&#x2F;TAR-ravintola-Helsinki-restaurant-4-2048x1366.jpg\" alt=\"\">\n        <\/div>\n              <div class=\"slide\">\n          <img decoding=\"async\" src=\"https&#x3A;&#x2F;&#x2F;ravintolatar.fi&#x2F;wp-content&#x2F;uploads&#x2F;2025&#x2F;11&#x2F;TAR-ravintola-Helsinki-restaurant-7-2048x1366.jpg\" alt=\"\">\n        <\/div>\n              <div class=\"slide\">\n          <img decoding=\"async\" src=\"https&#x3A;&#x2F;&#x2F;ravintolatar.fi&#x2F;wp-content&#x2F;uploads&#x2F;2025&#x2F;06&#x2F;Ravintola-TAR-Helsinki-restaurant-story.jpg\" alt=\"Ravintola&#x20;TAR&#x20;Helsinki&#x20;restaurant&#x20;contact\">\n        <\/div>\n          <\/div>\n      <\/div>\n<\/section>\n\n<section class=\"tar-footer\">\n    <div class=\"inner1\">\n    <div class=\"col50\">\n      <h2>Yhteystiedot<\/h2>\n      <div class=\"col contact\">\n        <p>\n          Ravintola TAR<br \/>\nTervasaarenkannas 3<br \/>\nFI-00170 Helsinki\n        <\/p>\n        <p>\n          <a href=\"https:\/\/maps.app.goo.gl\/ME2T5LNcXD5rTjb79\" rel=\"noreferrer noopener\" target=\"_blank\">\n            Kartta\n          <\/a>\n        <\/p>\n        <p>\n          <a href=\"tel:+358105086060\">+358 10 508 6060<\/a><br \/>\n          <a href=\"mailto:tar@ravintolatar.fi\">tar@ravintolatar.fi<\/a>\n        <\/p>\n              <\/div>\n    <\/div>\n    <div class=\"col50\">\n      <h2>Aukioloajat<\/h2>\n      <div class=\"col hours\">\n\t  \t\t\t<p>\n\t\t\tTAR on t\u00e4ll\u00e4 hetkell\u00e4 suljettu <br \/>\r\nTervasaaren p\u00e4\u00e4vesijohdon j\u00e4\u00e4tymisen vuoksi.\n\t\t<\/p>\n\t\t\t\t<p>\n\t\t\tIlmoitamme, kun olemme j\u00e4lleen avoinna.\n\t\t<\/p>\n\t\t\t\t      <\/div>\n    <\/div>\n          <\/div>\n  <div class=\"inner2\">\n    <div class=\"col\">\n      <h2>Sivukartta<\/h2>\n              <a href=\"https&#x3A;&#x2F;&#x2F;ravintolatar.fi&#x2F;sample-page&#x2F;\">Welcome<\/a><br \/>\n              <a href=\"https&#x3A;&#x2F;&#x2F;ravintolatar.fi&#x2F;food&#x2F;\">Food &amp; Drink<\/a><br \/>\n              <a href=\"https&#x3A;&#x2F;&#x2F;ravintolatar.fi&#x2F;story&#x2F;\">Story<\/a><br \/>\n              <a href=\"https&#x3A;&#x2F;&#x2F;ravintolatar.fi&#x2F;gift-cards&#x2F;\">Gift cards<\/a><br \/>\n              <a href=\"https&#x3A;&#x2F;&#x2F;siigur.ee&#x2F;en&#x2F;loyalty-program&#x2F;\">Loyalty program<\/a><br \/>\n              <a href=\"https&#x3A;&#x2F;&#x2F;ravintolatar.fi&#x2F;contact&#x2F;\">Contact<\/a><br \/>\n          <\/div>\n    <div class=\"col\">\n      <h2>Seuraa<\/h2>\n\t  \t  \t<a href=\"https&#x3A;&#x2F;&#x2F;www.instagram.com&#x2F;tarhelsinki&#x2F;\" rel=\"noreferrer noopener\" target=\"_blank\">Instagram<\/a><br \/>\n\t  \t  \t<a href=\"https&#x3A;&#x2F;&#x2F;www.facebook.com&#x2F;people&#x2F;TAR-Helsinki&#x2F;61574536226753&#x2F;\" rel=\"noreferrer noopener\" target=\"_blank\">Facebook<\/a><br \/>\n\t  \t      <\/div>\n      <\/div>\n  <div class=\"inner3\">\n    <div class=\"col1\">\n      &copy; TAR 2026 &nbsp; <a href=\"&#x2F;tietosuoja\">Tietosuoja<\/a>\n    <\/div>\n    <div class=\"col2\">\n      <svg viewBox=\"0 0 160 76\" fill=\"none\" xmlns=\"http:\/\/www.w3.org\/2000\/svg\">\n        <path d=\"M159.409 24.8472C159.343 11.3992 148.29 0.575195 134.809 0.575195H109.258V75.4248H114.309V61.3864C114.309 54.6952 119.721 49.2832 126.412 49.2832H131.857C134.842 49.2832 137.662 50.8248 139.237 53.3832L152.98 75.392H158.917L147.01 56.3352C144.583 52.4648 145.567 47.3808 149.241 44.724C155.374 40.2632 159.376 33.0144 159.343 24.8472H159.409ZM114.309 35.6056V14.3184C114.309 9.4968 118.212 5.6264 123.001 5.6264H134.809C145.502 5.6264 154.292 14.22 154.325 24.9128C154.325 35.6056 145.666 44.2976 134.973 44.2976H122.968C118.146 44.2976 114.276 40.3944 114.276 35.6056H114.309ZM24.732 17.7296C24.732 11.0384 19.32 5.6264 12.6288 5.6264H0.591187V0.575195H53.924V5.6264H41.8536C35.1624 5.6264 29.7504 11.0384 29.7504 17.7296V75.392H24.6992V17.7296H24.732ZM96.1704 75.392H101.517L75.7688 0.575195H70.4224L44.6744 75.392H50.0208L52.7432 67.4872C54.416 62.6 59.008 59.32 64.1904 59.32H82.0336C87.216 59.32 91.808 62.6 93.4808 67.4872L96.2032 75.392H96.1704ZM61.2384 42.756L68.9792 20.288C70.324 16.3848 75.8672 16.3848 77.212 20.288L84.9528 42.756C86.888 48.3976 82.6896 54.3016 76.72 54.3016H69.4712C63.5016 54.3016 59.3032 48.4304 61.2384 42.756Z\" \/>\n      <\/svg>\n    <\/div>\n    <div class=\"col3\">\n      <div class=\"lang\">\n        <a href=\"\/fi\" class=\"active\">FI<\/a>\n        <span>|<\/span>\n        <a href=\"\/et\">ET<\/a>\n        <span>|<\/span>\n        <a href=\"\/\">EN<\/a>\n      <\/div>\n    <\/div>\n  <\/div>\n<\/section>\n","protected":false},"excerpt":{"rendered":"","protected":false},"author":2,"featured_media":0,"parent":0,"menu_order":0,"comment_status":"closed","ping_status":"closed","template":"","meta":{"_acf_changed":false,"footnotes":""},"class_list":["post-211","page","type-page","status-publish","hentry"],"acf":[],"yoast_head":"<!-- This site is optimized with the Yoast SEO plugin v27.1.1 - https:\/\/yoast.com\/product\/yoast-seo-wordpress\/ -->\n<title>Tarina - TAR<\/title>\n<meta name=\"robots\" content=\"index, follow, max-snippet:-1, max-image-preview:large, max-video-preview:-1\" \/>\n<link rel=\"canonical\" href=\"https:\/\/ravintolatar.fi\/fi\/story\/\" \/>\n<meta property=\"og:locale\" content=\"fi_FI\" \/>\n<meta property=\"og:type\" content=\"article\" \/>\n<meta property=\"og:title\" content=\"Tarina - TAR\" \/>\n<meta property=\"og:url\" content=\"https:\/\/ravintolatar.fi\/fi\/story\/\" \/>\n<meta property=\"og:site_name\" content=\"TAR\" \/>\n<meta property=\"article:modified_time\" content=\"2025-11-20T13:12:19+00:00\" \/>\n<meta property=\"og:image\" content=\"https:\/\/ravintolatar.fi\/wp-content\/uploads\/2025\/05\/hero1.jpg\" \/>\n\t<meta property=\"og:image:width\" content=\"1343\" \/>\n\t<meta property=\"og:image:height\" content=\"614\" \/>\n\t<meta property=\"og:image:type\" content=\"image\/jpeg\" \/>\n<meta name=\"twitter:card\" content=\"summary_large_image\" \/>\n<meta name=\"twitter:label1\" content=\"Arvioitu lukuaika\" \/>\n\t<meta name=\"twitter:data1\" content=\"5 minuuttia\" \/>\n<script type=\"application\/ld+json\" class=\"yoast-schema-graph\">{\"@context\":\"https:\/\/schema.org\",\"@graph\":[{\"@type\":\"WebPage\",\"@id\":\"https:\/\/ravintolatar.fi\/fi\/story\/\",\"url\":\"https:\/\/ravintolatar.fi\/fi\/story\/\",\"name\":\"Tarina - TAR\",\"isPartOf\":{\"@id\":\"https:\/\/ravintolatar.fi\/fi\/#website\"},\"datePublished\":\"2025-05-26T05:08:00+00:00\",\"dateModified\":\"2025-11-20T13:12:19+00:00\",\"breadcrumb\":{\"@id\":\"https:\/\/ravintolatar.fi\/fi\/story\/#breadcrumb\"},\"inLanguage\":\"fi\",\"potentialAction\":[{\"@type\":\"ReadAction\",\"target\":[\"https:\/\/ravintolatar.fi\/fi\/story\/\"]}]},{\"@type\":\"BreadcrumbList\",\"@id\":\"https:\/\/ravintolatar.fi\/fi\/story\/#breadcrumb\",\"itemListElement\":[{\"@type\":\"ListItem\",\"position\":1,\"name\":\"Home\",\"item\":\"https:\/\/ravintolatar.fi\/fi\/\"},{\"@type\":\"ListItem\",\"position\":2,\"name\":\"Tarina\"}]},{\"@type\":\"WebSite\",\"@id\":\"https:\/\/ravintolatar.fi\/fi\/#website\",\"url\":\"https:\/\/ravintolatar.fi\/fi\/\",\"name\":\"Ravintola TAR\",\"description\":\"Unforgettable flavors\",\"alternateName\":\"TAR\",\"potentialAction\":[{\"@type\":\"SearchAction\",\"target\":{\"@type\":\"EntryPoint\",\"urlTemplate\":\"https:\/\/ravintolatar.fi\/fi\/?s={search_term_string}\"},\"query-input\":{\"@type\":\"PropertyValueSpecification\",\"valueRequired\":true,\"valueName\":\"search_term_string\"}}],\"inLanguage\":\"fi\"}]}<\/script>\n<!-- \/ Yoast SEO plugin. -->","yoast_head_json":{"title":"Tarina - TAR","robots":{"index":"index","follow":"follow","max-snippet":"max-snippet:-1","max-image-preview":"max-image-preview:large","max-video-preview":"max-video-preview:-1"},"canonical":"https:\/\/ravintolatar.fi\/fi\/story\/","og_locale":"fi_FI","og_type":"article","og_title":"Tarina - TAR","og_url":"https:\/\/ravintolatar.fi\/fi\/story\/","og_site_name":"TAR","article_modified_time":"2025-11-20T13:12:19+00:00","og_image":[{"width":1343,"height":614,"url":"https:\/\/ravintolatar.fi\/wp-content\/uploads\/2025\/05\/hero1.jpg","type":"image\/jpeg"}],"twitter_card":"summary_large_image","twitter_misc":{"Arvioitu lukuaika":"5 minuuttia"},"schema":{"@context":"https:\/\/schema.org","@graph":[{"@type":"WebPage","@id":"https:\/\/ravintolatar.fi\/fi\/story\/","url":"https:\/\/ravintolatar.fi\/fi\/story\/","name":"Tarina - TAR","isPartOf":{"@id":"https:\/\/ravintolatar.fi\/fi\/#website"},"datePublished":"2025-05-26T05:08:00+00:00","dateModified":"2025-11-20T13:12:19+00:00","breadcrumb":{"@id":"https:\/\/ravintolatar.fi\/fi\/story\/#breadcrumb"},"inLanguage":"fi","potentialAction":[{"@type":"ReadAction","target":["https:\/\/ravintolatar.fi\/fi\/story\/"]}]},{"@type":"BreadcrumbList","@id":"https:\/\/ravintolatar.fi\/fi\/story\/#breadcrumb","itemListElement":[{"@type":"ListItem","position":1,"name":"Home","item":"https:\/\/ravintolatar.fi\/fi\/"},{"@type":"ListItem","position":2,"name":"Tarina"}]},{"@type":"WebSite","@id":"https:\/\/ravintolatar.fi\/fi\/#website","url":"https:\/\/ravintolatar.fi\/fi\/","name":"Ravintola TAR","description":"Unforgettable flavors","alternateName":"TAR","potentialAction":[{"@type":"SearchAction","target":{"@type":"EntryPoint","urlTemplate":"https:\/\/ravintolatar.fi\/fi\/?s={search_term_string}"},"query-input":{"@type":"PropertyValueSpecification","valueRequired":true,"valueName":"search_term_string"}}],"inLanguage":"fi"}]}},"_links":{"self":[{"href":"https:\/\/ravintolatar.fi\/fi\/wp-json\/wp\/v2\/pages\/211","targetHints":{"allow":["GET"]}}],"collection":[{"href":"https:\/\/ravintolatar.fi\/fi\/wp-json\/wp\/v2\/pages"}],"about":[{"href":"https:\/\/ravintolatar.fi\/fi\/wp-json\/wp\/v2\/types\/page"}],"author":[{"embeddable":true,"href":"https:\/\/ravintolatar.fi\/fi\/wp-json\/wp\/v2\/users\/2"}],"replies":[{"embeddable":true,"href":"https:\/\/ravintolatar.fi\/fi\/wp-json\/wp\/v2\/comments?post=211"}],"version-history":[{"count":8,"href":"https:\/\/ravintolatar.fi\/fi\/wp-json\/wp\/v2\/pages\/211\/revisions"}],"predecessor-version":[{"id":1102,"href":"https:\/\/ravintolatar.fi\/fi\/wp-json\/wp\/v2\/pages\/211\/revisions\/1102"}],"wp:attachment":[{"href":"https:\/\/ravintolatar.fi\/fi\/wp-json\/wp\/v2\/media?parent=211"}],"curies":[{"name":"wp","href":"https:\/\/api.w.org\/{rel}","templated":true}]}}