{"id":146,"date":"2025-05-01T11:26:56","date_gmt":"2025-05-01T09:26:56","guid":{"rendered":"https:\/\/ravintolatar.fi\/sample-page\/"},"modified":"2026-01-27T09:53:09","modified_gmt":"2026-01-27T07:53:09","slug":"sample-page","status":"publish","type":"page","link":"https:\/\/ravintolatar.fi\/fi\/","title":{"rendered":"Tervetuloa"},"content":{"rendered":"<section class=\"tar-hero\">\n    <div class=\"inner\" style=\"background-image: url(https&#x3A;&#x2F;&#x2F;ravintolatar.fi&#x2F;wp-content&#x2F;uploads&#x2F;2025&#x2F;06&#x2F;Ravintola-TAR-Helsinki-restaurant.jpg)\">\n          <div class=\"content\">\n      <p>TERVETULOA<\/p>\n<h1>Muinaiset juuret,<br \/>\nmoderni kosketus<\/h1>\n\n    <\/div>\n  <\/div>\n<\/section>\n\n<section class=\"tar-book mobile\">\n  <div class=\"inner\">\n    <a href=\"https&#x3A;&#x2F;&#x2F;book.dinnerbooking.com&#x2F;fi&#x2F;fi-FI&#x2F;book&#x2F;index&#x2F;4095&#x2F;2\" target=\"_blank\" rel=\"noreferrer nooopener\">\n      Varaa p\u00f6yt\u00e4\n    <\/a>\n  <\/div>\n<\/section>\n\n<section class=\"tar-quote\">\n  <div class=\"inner\">\n    <h2>Helsingin kaupungin vesiputki Tervasaareen on j\u00e4\u00e4tynyt, ravintola on ollut ilman vett\u00e4 jo kaksi viikkoa ja valitettavasti jouduimme sulkemaan TARin ovet, eik\u00e4 tiedossa ole milloin kaupunki saa asian korjattua. Olemme tehneet kaikkemme omalta osaltamme ja kokeilleet my\u00f6s vaihtoehtoisia menetelmi\u00e4 veden tuomiseksi paikalle, mutta se ei miss\u00e4\u00e4n nimess\u00e4 ole kest\u00e4v\u00e4 ratkaisu, eik\u00e4 my\u00f6sk\u00e4\u00e4n taloudellisesti mahdollinen.\r\nT\u00e4m\u00e4 on jo aiheuttanut ja tulee aiheuttamaan valtavan isot tappiot, ja on tragedia my\u00f6s henkil\u00f6kunnan osalta, sill\u00e4 ihmiset on jouduttu lomauttamaan ja kaikki heid\u00e4n tekem\u00e4ns\u00e4 ruokavalmistelut heitt\u00e4m\u00e4\u00e4n pois.\r\nEmme ole saaneet Helsingin kaupungilta viel\u00e4 vastausta jatkosta. Tiedotamme asiasta kun saamme lis\u00e4tietoa.<\/h2>\n    <div class=\"author\">\n          <\/div>\n  <\/div>\n<\/section>\n\n<section class=\"tar-spacer \"><\/section>\n\n<section class=\"tar-footer\">\n      <div class=\"links\">\n              <a href=\"https&#x3A;&#x2F;&#x2F;ravintolatar.fi&#x2F;fi&#x2F;food&#x2F;\" style=\"background-image: url(https&#x3A;&#x2F;&#x2F;ravintolatar.fi&#x2F;wp-content&#x2F;uploads&#x2F;2025&#x2F;06&#x2F;Test-kitchen-2025-13-683x1024.jpg)\">\n          <div><\/div>\n          <span>Ruoka<\/span>\n        <\/a>\n              <a href=\"https&#x3A;&#x2F;&#x2F;ravintolatar.fi&#x2F;fi&#x2F;food&#x2F;&#x23;juoma\" style=\"background-image: url(https&#x3A;&#x2F;&#x2F;ravintolatar.fi&#x2F;wp-content&#x2F;uploads&#x2F;2025&#x2F;06&#x2F;TAR-ravintola-restaurant-Helsinki-drinks-683x1024.jpg)\">\n          <div><\/div>\n          <span>Juoma<\/span>\n        <\/a>\n              <a href=\"https&#x3A;&#x2F;&#x2F;ravintolatar.fi&#x2F;fi&#x2F;story&#x2F;\" style=\"background-image: url(https&#x3A;&#x2F;&#x2F;ravintolatar.fi&#x2F;wp-content&#x2F;uploads&#x2F;2025&#x2F;06&#x2F;ts-819x1024.jpg)\">\n          <div><\/div>\n          <span>Tarina<\/span>\n        <\/a>\n          <\/div>\n    <div class=\"inner1\">\n    <div class=\"col50\">\n      <h2>Yhteystiedot<\/h2>\n      <div class=\"col contact\">\n        <p>\n          Ravintola TAR<br \/>\nTervasaarenkannas 3<br \/>\nFI-00170 Helsinki\n        <\/p>\n        <p>\n          <a href=\"https:\/\/maps.app.goo.gl\/ME2T5LNcXD5rTjb79\" rel=\"noreferrer noopener\" target=\"_blank\">\n            Kartta\n          <\/a>\n        <\/p>\n        <p>\n          <a href=\"tel:+358105086060\">+358 10 508 6060<\/a><br \/>\n          <a href=\"mailto:tar@ravintolatar.fi\">tar@ravintolatar.fi<\/a>\n        <\/p>\n              <\/div>\n    <\/div>\n    <div class=\"col50\">\n      <h2>Aukioloajat<\/h2>\n      <div class=\"col hours\">\n\t  \t\t\t<p>\n\t\t\tTAR on t\u00e4ll\u00e4 hetkell\u00e4 suljettu <br \/>\r\nTervasaaren p\u00e4\u00e4vesijohdon j\u00e4\u00e4tymisen vuoksi.\n\t\t<\/p>\n\t\t\t\t<p>\n\t\t\tIlmoitamme, kun olemme j\u00e4lleen avoinna.\n\t\t<\/p>\n\t\t\t\t      <\/div>\n    <\/div>\n          <\/div>\n  <div class=\"inner2\">\n    <div class=\"col\">\n      <h2>Sivukartta<\/h2>\n              <a href=\"https&#x3A;&#x2F;&#x2F;ravintolatar.fi&#x2F;sample-page&#x2F;\">Welcome<\/a><br \/>\n              <a href=\"https&#x3A;&#x2F;&#x2F;ravintolatar.fi&#x2F;food&#x2F;\">Food &amp; Drink<\/a><br \/>\n              <a href=\"https&#x3A;&#x2F;&#x2F;ravintolatar.fi&#x2F;story&#x2F;\">Story<\/a><br \/>\n              <a href=\"https&#x3A;&#x2F;&#x2F;ravintolatar.fi&#x2F;gift-cards&#x2F;\">Gift cards<\/a><br \/>\n              <a href=\"https&#x3A;&#x2F;&#x2F;siigur.ee&#x2F;en&#x2F;loyalty-program&#x2F;\">Loyalty program<\/a><br \/>\n              <a href=\"https&#x3A;&#x2F;&#x2F;ravintolatar.fi&#x2F;contact&#x2F;\">Contact<\/a><br \/>\n          <\/div>\n    <div class=\"col\">\n      <h2>Seuraa<\/h2>\n\t  \t  \t<a href=\"https&#x3A;&#x2F;&#x2F;www.instagram.com&#x2F;tarhelsinki&#x2F;\" rel=\"noreferrer noopener\" target=\"_blank\">Instagram<\/a><br \/>\n\t  \t  \t<a href=\"https&#x3A;&#x2F;&#x2F;www.facebook.com&#x2F;people&#x2F;TAR-Helsinki&#x2F;61574536226753&#x2F;\" rel=\"noreferrer noopener\" target=\"_blank\">Facebook<\/a><br \/>\n\t  \t      <\/div>\n      <\/div>\n  <div class=\"inner3\">\n    <div class=\"col1\">\n      &copy; TAR 2026 &nbsp; <a href=\"&#x2F;tietosuoja\">Tietosuoja<\/a>\n    <\/div>\n    <div class=\"col2\">\n      <svg viewBox=\"0 0 160 76\" fill=\"none\" xmlns=\"http:\/\/www.w3.org\/2000\/svg\">\n        <path d=\"M159.409 24.8472C159.343 11.3992 148.29 0.575195 134.809 0.575195H109.258V75.4248H114.309V61.3864C114.309 54.6952 119.721 49.2832 126.412 49.2832H131.857C134.842 49.2832 137.662 50.8248 139.237 53.3832L152.98 75.392H158.917L147.01 56.3352C144.583 52.4648 145.567 47.3808 149.241 44.724C155.374 40.2632 159.376 33.0144 159.343 24.8472H159.409ZM114.309 35.6056V14.3184C114.309 9.4968 118.212 5.6264 123.001 5.6264H134.809C145.502 5.6264 154.292 14.22 154.325 24.9128C154.325 35.6056 145.666 44.2976 134.973 44.2976H122.968C118.146 44.2976 114.276 40.3944 114.276 35.6056H114.309ZM24.732 17.7296C24.732 11.0384 19.32 5.6264 12.6288 5.6264H0.591187V0.575195H53.924V5.6264H41.8536C35.1624 5.6264 29.7504 11.0384 29.7504 17.7296V75.392H24.6992V17.7296H24.732ZM96.1704 75.392H101.517L75.7688 0.575195H70.4224L44.6744 75.392H50.0208L52.7432 67.4872C54.416 62.6 59.008 59.32 64.1904 59.32H82.0336C87.216 59.32 91.808 62.6 93.4808 67.4872L96.2032 75.392H96.1704ZM61.2384 42.756L68.9792 20.288C70.324 16.3848 75.8672 16.3848 77.212 20.288L84.9528 42.756C86.888 48.3976 82.6896 54.3016 76.72 54.3016H69.4712C63.5016 54.3016 59.3032 48.4304 61.2384 42.756Z\" \/>\n      <\/svg>\n    <\/div>\n    <div class=\"col3\">\n      <div class=\"lang\">\n        <a href=\"\/fi\" class=\"active\">FI<\/a>\n        <span>|<\/span>\n        <a href=\"\/et\">ET<\/a>\n        <span>|<\/span>\n        <a href=\"\/\">EN<\/a>\n      <\/div>\n    <\/div>\n  <\/div>\n<\/section>\n","protected":false},"excerpt":{"rendered":"","protected":false},"author":2,"featured_media":0,"parent":0,"menu_order":0,"comment_status":"closed","ping_status":"closed","template":"","meta":{"_acf_changed":false,"footnotes":""},"class_list":["post-146","page","type-page","status-publish","hentry"],"acf":[],"yoast_head":"<!-- This site is optimized with the Yoast SEO plugin v27.1.1 - https:\/\/yoast.com\/product\/yoast-seo-wordpress\/ -->\n<title>Tervetuloa - TAR<\/title>\n<meta name=\"description\" content=\"Unohtumattomia makuja meren rannalla \u2013 rennolla eleganssilla.\" \/>\n<meta name=\"robots\" content=\"index, follow, max-snippet:-1, max-image-preview:large, max-video-preview:-1\" \/>\n<link rel=\"canonical\" href=\"https:\/\/ravintolatar.fi\/fi\/\" \/>\n<meta property=\"og:locale\" content=\"fi_FI\" \/>\n<meta property=\"og:type\" content=\"article\" \/>\n<meta property=\"og:title\" content=\"Tervetuloa - TAR\" \/>\n<meta property=\"og:description\" content=\"Unohtumattomia makuja meren rannalla \u2013 rennolla eleganssilla.\" \/>\n<meta property=\"og:url\" content=\"https:\/\/ravintolatar.fi\/fi\/\" \/>\n<meta property=\"og:site_name\" content=\"TAR\" \/>\n<meta property=\"article:modified_time\" content=\"2026-01-27T07:53:09+00:00\" \/>\n<meta property=\"og:image\" content=\"https:\/\/ravintolatar.fi\/wp-content\/uploads\/2025\/05\/hero1.jpg\" \/>\n\t<meta property=\"og:image:width\" content=\"1343\" \/>\n\t<meta property=\"og:image:height\" content=\"614\" \/>\n\t<meta property=\"og:image:type\" content=\"image\/jpeg\" \/>\n<meta name=\"twitter:card\" content=\"summary_large_image\" \/>\n<meta name=\"twitter:label1\" content=\"Arvioitu lukuaika\" \/>\n\t<meta name=\"twitter:data1\" content=\"2 minuuttia\" \/>\n<script type=\"application\/ld+json\" class=\"yoast-schema-graph\">{\"@context\":\"https:\/\/schema.org\",\"@graph\":[{\"@type\":\"WebPage\",\"@id\":\"https:\/\/ravintolatar.fi\/fi\/\",\"url\":\"https:\/\/ravintolatar.fi\/fi\/\",\"name\":\"Tervetuloa - TAR\",\"isPartOf\":{\"@id\":\"https:\/\/ravintolatar.fi\/fi\/#website\"},\"datePublished\":\"2025-05-01T09:26:56+00:00\",\"dateModified\":\"2026-01-27T07:53:09+00:00\",\"description\":\"Unohtumattomia makuja meren rannalla \u2013 rennolla eleganssilla.\",\"breadcrumb\":{\"@id\":\"https:\/\/ravintolatar.fi\/fi\/#breadcrumb\"},\"inLanguage\":\"fi\",\"potentialAction\":[{\"@type\":\"ReadAction\",\"target\":[\"https:\/\/ravintolatar.fi\/fi\/\"]}]},{\"@type\":\"BreadcrumbList\",\"@id\":\"https:\/\/ravintolatar.fi\/fi\/#breadcrumb\",\"itemListElement\":[{\"@type\":\"ListItem\",\"position\":1,\"name\":\"Home\",\"item\":\"https:\/\/ravintolatar.fi\/fi\/\"},{\"@type\":\"ListItem\",\"position\":2,\"name\":\"Tervetuloa\"}]},{\"@type\":\"WebSite\",\"@id\":\"https:\/\/ravintolatar.fi\/fi\/#website\",\"url\":\"https:\/\/ravintolatar.fi\/fi\/\",\"name\":\"Ravintola TAR\",\"description\":\"Unforgettable flavors\",\"alternateName\":\"TAR\",\"potentialAction\":[{\"@type\":\"SearchAction\",\"target\":{\"@type\":\"EntryPoint\",\"urlTemplate\":\"https:\/\/ravintolatar.fi\/fi\/?s={search_term_string}\"},\"query-input\":{\"@type\":\"PropertyValueSpecification\",\"valueRequired\":true,\"valueName\":\"search_term_string\"}}],\"inLanguage\":\"fi\"}]}<\/script>\n<!-- \/ Yoast SEO plugin. -->","yoast_head_json":{"title":"Tervetuloa - TAR","description":"Unohtumattomia makuja meren rannalla \u2013 rennolla eleganssilla.","robots":{"index":"index","follow":"follow","max-snippet":"max-snippet:-1","max-image-preview":"max-image-preview:large","max-video-preview":"max-video-preview:-1"},"canonical":"https:\/\/ravintolatar.fi\/fi\/","og_locale":"fi_FI","og_type":"article","og_title":"Tervetuloa - TAR","og_description":"Unohtumattomia makuja meren rannalla \u2013 rennolla eleganssilla.","og_url":"https:\/\/ravintolatar.fi\/fi\/","og_site_name":"TAR","article_modified_time":"2026-01-27T07:53:09+00:00","og_image":[{"width":1343,"height":614,"url":"https:\/\/ravintolatar.fi\/wp-content\/uploads\/2025\/05\/hero1.jpg","type":"image\/jpeg"}],"twitter_card":"summary_large_image","twitter_misc":{"Arvioitu lukuaika":"2 minuuttia"},"schema":{"@context":"https:\/\/schema.org","@graph":[{"@type":"WebPage","@id":"https:\/\/ravintolatar.fi\/fi\/","url":"https:\/\/ravintolatar.fi\/fi\/","name":"Tervetuloa - TAR","isPartOf":{"@id":"https:\/\/ravintolatar.fi\/fi\/#website"},"datePublished":"2025-05-01T09:26:56+00:00","dateModified":"2026-01-27T07:53:09+00:00","description":"Unohtumattomia makuja meren rannalla \u2013 rennolla eleganssilla.","breadcrumb":{"@id":"https:\/\/ravintolatar.fi\/fi\/#breadcrumb"},"inLanguage":"fi","potentialAction":[{"@type":"ReadAction","target":["https:\/\/ravintolatar.fi\/fi\/"]}]},{"@type":"BreadcrumbList","@id":"https:\/\/ravintolatar.fi\/fi\/#breadcrumb","itemListElement":[{"@type":"ListItem","position":1,"name":"Home","item":"https:\/\/ravintolatar.fi\/fi\/"},{"@type":"ListItem","position":2,"name":"Tervetuloa"}]},{"@type":"WebSite","@id":"https:\/\/ravintolatar.fi\/fi\/#website","url":"https:\/\/ravintolatar.fi\/fi\/","name":"Ravintola TAR","description":"Unforgettable flavors","alternateName":"TAR","potentialAction":[{"@type":"SearchAction","target":{"@type":"EntryPoint","urlTemplate":"https:\/\/ravintolatar.fi\/fi\/?s={search_term_string}"},"query-input":{"@type":"PropertyValueSpecification","valueRequired":true,"valueName":"search_term_string"}}],"inLanguage":"fi"}]}},"_links":{"self":[{"href":"https:\/\/ravintolatar.fi\/fi\/wp-json\/wp\/v2\/pages\/146","targetHints":{"allow":["GET"]}}],"collection":[{"href":"https:\/\/ravintolatar.fi\/fi\/wp-json\/wp\/v2\/pages"}],"about":[{"href":"https:\/\/ravintolatar.fi\/fi\/wp-json\/wp\/v2\/types\/page"}],"author":[{"embeddable":true,"href":"https:\/\/ravintolatar.fi\/fi\/wp-json\/wp\/v2\/users\/2"}],"replies":[{"embeddable":true,"href":"https:\/\/ravintolatar.fi\/fi\/wp-json\/wp\/v2\/comments?post=146"}],"version-history":[{"count":19,"href":"https:\/\/ravintolatar.fi\/fi\/wp-json\/wp\/v2\/pages\/146\/revisions"}],"predecessor-version":[{"id":1152,"href":"https:\/\/ravintolatar.fi\/fi\/wp-json\/wp\/v2\/pages\/146\/revisions\/1152"}],"wp:attachment":[{"href":"https:\/\/ravintolatar.fi\/fi\/wp-json\/wp\/v2\/media?parent=146"}],"curies":[{"name":"wp","href":"https:\/\/api.w.org\/{rel}","templated":true}]}}