{"id":562,"date":"2025-05-26T07:07:21","date_gmt":"2025-05-26T05:07:21","guid":{"rendered":"https:\/\/ravintolatar.fi\/?page_id=562"},"modified":"2026-01-27T09:29:20","modified_gmt":"2026-01-27T07:29:20","slug":"menuu","status":"publish","type":"page","link":"https:\/\/ravintolatar.fi\/et\/menuu\/","title":{"rendered":"Men\u00fc\u00fc"},"content":{"rendered":"<section class=\"tar-hero\">\n    <div class=\"inner\" style=\"background-image: url(https&#x3A;&#x2F;&#x2F;ravintolatar.fi&#x2F;wp-content&#x2F;uploads&#x2F;2025&#x2F;06&#x2F;Ravintola-TAR-Helsinki-menu-food-and-drink-1.jpg)\">\n          <div class=\"content\">\n      <p>MEN\u00dc\u00dc<\/p>\n<h1>Unustamatud<br \/>\nMaitsed<\/h1>\n\n    <\/div>\n  <\/div>\n<\/section>\n\n<section class=\"tar-text noimage\">\n  <div class=\"inner\">\n    <div class=\"text\">\n      <h2>Men\u00fc\u00fc<\/h2>\n<p data-start=\"10\" data-end=\"442\">TARi men\u00fc\u00fc on inspireeritud meie Eesti juurtest ning \u00fcllatavad nii koostisosade, serveeringu kui ka tehnilise teostuse poolest. See julge ja oman\u00e4oline l\u00e4henemine on peakokk T\u00f5nis Siiguri kaubam\u00e4rk, kes on tuntud oma meisterliku klassikalise prantsuse k\u00f6\u00f6gi valdamise poolest, mida ta p\u00f5imib isikup\u00e4rase stiiliga. Tulemuseks on sujuv kooslus peenest ja maal\u00e4hedasest k\u00f6\u00f6gist.<\/p>\n\n    <\/div>\n      <\/div>\n<\/section>\n\n<section class=\"tar-menu lighter left\">\n  <div class=\"inner\">\n        <div class=\"image\">\n      <img decoding=\"async\" src=\"https&#x3A;&#x2F;&#x2F;ravintolatar.fi&#x2F;wp-content&#x2F;uploads&#x2F;2025&#x2F;06&#x2F;Ravintola-TAR-Helsinki-menu-caviar-1.jpg\" alt=\"\" \/>\n    <\/div>\n        <div class=\"content\">\n      <h2>Kaaviar<\/h2>\n      <p><strong>ROSSINI OSCIETRA CLASSIC 15<\/strong><br \/>\n\u201cBump\u201d 3g<\/p>\n\n    <\/div>\n  <\/div>\n<\/section>\n\n<section class=\"tar-menu light right\">\n  <div class=\"inner\">\n        <div class=\"image\">\n      <img decoding=\"async\" src=\"https&#x3A;&#x2F;&#x2F;ravintolatar.fi&#x2F;wp-content&#x2F;uploads&#x2F;2025&#x2F;06&#x2F;Ravintola-TAR-Helsinki-menu-to-start-1.jpg\" alt=\"\" \/>\n    <\/div>\n        <div class=\"content\">\n      <h2>Alustuseks TARiga<\/h2>\n      <p data-start=\"120\" data-end=\"223\"><strong data-start=\"120\" data-end=\"148\">PEEDI TARtar (G, L) 15<\/strong><br data-start=\"148\" data-end=\"151\" \/>karulaugukappar, hummus, p\u00e4hklid, radicchio, peedikr\u00f5psud<\/p>\n<p data-start=\"225\" data-end=\"296\"><strong data-start=\"225\" data-end=\"254\">R\u00d6STITUD ARTI\u0160OKID (G) 15<\/strong><br data-start=\"254\" data-end=\"257\" \/>T\u00eate de Moine juust, suitsune t\u00f5rvamesi<\/p>\n<p data-start=\"375\" data-end=\"457\"><strong data-start=\"375\" data-end=\"414\">TIIGRIKREVETID \u201cKUNG SARONG\u201d (L) 19<\/strong><br data-start=\"414\" data-end=\"417\" \/>mirin-vinegrett, sidrunhein, kaffirlaim<\/p>\n<p data-start=\"459\" data-end=\"559\"><strong data-start=\"459\" data-end=\"480\">PARDI TACO (L) 18<\/strong><br data-start=\"480\" data-end=\"483\" \/>Paratha lameleib, kr\u00f5be part, hoisini glasuur, kurk, roheline sibul<\/p>\n<p data-start=\"561\" data-end=\"684\"><strong data-start=\"561\" data-end=\"607\">GRILLITUD \u201cDNA\u201d RUKKILEIB &amp; SEALIHA (L) 15<\/strong><br data-start=\"607\" data-end=\"610\" \/>BBQ seak\u00fclg, maja rukkileib, karulauk, kress, maap\u00e4hklisinep, kr\u00f5be sibul<\/p>\n<p data-start=\"686\" data-end=\"784\"><strong data-start=\"686\" data-end=\"709\">VEISE TARTAR (L) 24<\/strong><br data-start=\"709\" data-end=\"712\" \/>suitsutatud &amp; marineeritud kurk, klassikalised lisandid, k\u00fc\u00fcslaugu-brioche<\/p>\n<p data-start=\"786\" data-end=\"879\"><strong data-start=\"786\" data-end=\"818\">SIIACRUDO KAHELE (G, L) 35<\/strong><br data-start=\"818\" data-end=\"821\" \/>BBQ hapukoor, \u00fcrdi-sibulasegu, siiamari, soolakartul<\/p>\n\n    <\/div>\n  <\/div>\n<\/section>\n\n<section class=\"tar-menu mid left\">\n  <div class=\"inner\">\n        <div class=\"image\">\n      <img decoding=\"async\" src=\"https&#x3A;&#x2F;&#x2F;ravintolatar.fi&#x2F;wp-content&#x2F;uploads&#x2F;2025&#x2F;06&#x2F;Ravintola-TAR-Helsinki-menu-main-1.jpg\" alt=\"\" \/>\n    <\/div>\n        <div class=\"content\">\n      <h2>Maalt<\/h2>\n      <p data-start=\"76\" data-end=\"169\"><strong data-start=\"76\" data-end=\"103\">SELLERI-KAMMKARBID (G, L) 25<\/strong><br data-start=\"103\" data-end=\"106\" \/>r\u00f6stitud juurseller, miso, tr\u00fchvel, kr\u00f5be salvei, yuzu-tarretis<\/p>\n<p data-start=\"171\" data-end=\"311\"><strong data-start=\"171\" data-end=\"204\">GRILLITUD ENTREC\u00d4TE (G, L) 49<\/strong><br data-start=\"204\" data-end=\"207\" \/>marineeritud paprika, kuningservik, Pariisi kartulid, brokoliini, b\u00e9arnaise, klassikaline piprakaste<\/p>\n<p data-start=\"313\" data-end=\"413\"><strong data-start=\"313\" data-end=\"349\">GRILLITUD TALLE SELJAT\u00dcKK (L) 36<\/strong><br data-start=\"349\" data-end=\"352\" \/>brokoliini, chimichurri, r\u00f6stitud juursellerip\u00fcree, talle jus<\/p>\n\n    <\/div>\n  <\/div>\n<\/section>\n\n<section class=\"tar-menu dark right\">\n  <div class=\"inner\">\n        <div class=\"image\">\n      <img decoding=\"async\" src=\"https&#x3A;&#x2F;&#x2F;ravintolatar.fi&#x2F;wp-content&#x2F;uploads&#x2F;2025&#x2F;08&#x2F;TAR-seafood-soup-1024x1536.jpg\" alt=\"\" \/>\n    <\/div>\n        <div class=\"content\">\n      <h2>Merelt<\/h2>\n      <p data-start=\"95\" data-end=\"198\"><strong data-start=\"95\" data-end=\"122\">MERIAHVENA FILEE (L) 35<\/strong><br data-start=\"122\" data-end=\"125\" \/>rannakarbid, kartulip\u00fcree, grillitud spargel, astelpaju-safrankaste<\/p>\n<p data-start=\"200\" data-end=\"312\"><strong data-start=\"200\" data-end=\"242\">GRILLITUD KAHEKSAJALA RISOTTO (G) 28<\/strong><br data-start=\"242\" data-end=\"245\" \/>v\u00fcrtsikas \u2019nduja, p\u00e4ikesekuivatatud tomatid, basiilik, balsamico<\/p>\n<p class=\"p1\"><strong>JASPERI KALASUPP &amp; RUKKILEIB (L G) 23 \/ NELJALE 84<\/strong><br \/>\nvastuulikult kasvatatud kodumaine forell ja kuumsuitsuforell<br \/>\n<em>Anname iga m\u00fc\u00fcdud kalasupi pealt 0,50 \u20ac Virtaveside \u00dching Virhole ohustatud forellipopulatsioonide ja j\u00f5gede kaitseks Helsingi piirkonnas.<\/em><\/p>\n\n    <\/div>\n  <\/div>\n<\/section>\n\n<section class=\"tar-menu mid left\">\n  <div class=\"inner\">\n        <div class=\"image\">\n      <img decoding=\"async\" src=\"https&#x3A;&#x2F;&#x2F;ravintolatar.fi&#x2F;wp-content&#x2F;uploads&#x2F;2025&#x2F;06&#x2F;Ravintola-TAR-Helsinki-menu-sides-1.jpg\" alt=\"\" \/>\n    <\/div>\n        <div class=\"content\">\n      <h2>K\u00f5rvale<\/h2>\n      <p data-start=\"75\" data-end=\"298\"><strong data-start=\"75\" data-end=\"103\">SKAGENI FRIIKAD (G, L) 14<\/strong><br data-start=\"103\" data-end=\"106\" \/><strong data-start=\"136\" data-end=\"165\">PARIISI KARTULID (G, L) 7<\/strong><br data-start=\"165\" data-end=\"168\" \/><strong data-start=\"168\" data-end=\"199\">SAMETINE KARTULIP\u00dcREE (G) 7<\/strong><br data-start=\"199\" data-end=\"202\" \/><strong data-start=\"202\" data-end=\"238\">CONFIT PORGANDID (G, L) 7<\/strong><br data-start=\"238\" data-end=\"241\" \/><strong data-start=\"241\" data-end=\"270\">MUST LEIB &amp; \u00d5HULINE V\u00d5I (L) 3<\/strong><br data-start=\"270\" data-end=\"273\" \/><strong data-start=\"273\" data-end=\"298\">K\u00dc\u00dcSLAUGUBRIOCHE (L) 5<\/strong><\/p>\n\n    <\/div>\n  <\/div>\n<\/section>\n\n<section class=\"tar-menu light right\">\n  <div class=\"inner\">\n        <div class=\"image\">\n      <img decoding=\"async\" src=\"https&#x3A;&#x2F;&#x2F;ravintolatar.fi&#x2F;wp-content&#x2F;uploads&#x2F;2025&#x2F;06&#x2F;Ravintola-TAR-Helsinki-menu-dessert-1.jpg\" alt=\"\" \/>\n    <\/div>\n        <div class=\"content\">\n      <h2>Magus<\/h2>\n      <p data-start=\"94\" data-end=\"175\"><strong data-start=\"94\" data-end=\"115\">PAIN PERDU (L) 14<\/strong><br data-start=\"115\" data-end=\"118\" \/>karamellistatud brioche, sarapuup\u00e4hklij\u00e4\u00e4tis, vanillikreem<\/p>\n<p data-start=\"177\" data-end=\"258\"><strong data-start=\"177\" data-end=\"197\">T\u00c4ISKUU (L) 14<\/strong><br data-start=\"197\" data-end=\"200\" \/>tumeda \u0161okolaadi-passiooni ganache, vaarikas, mustikasorbett<\/p>\n<p data-start=\"260\" data-end=\"325\"><strong data-start=\"260\" data-end=\"290\">KUUM BANAANI-BR\u00dbL\u00c9E (L) 14<\/strong><br data-start=\"290\" data-end=\"293\" \/>karamelli-viskikaste, TAR&#8217;i j\u00e4\u00e4tis<\/p>\n<p data-start=\"327\" data-end=\"441\"><strong data-start=\"327\" data-end=\"385\">PRANTSUSE \u0160OKOLAADIKOOK &amp; KIRSID (G, L) 14<\/strong><br data-start=\"385\" data-end=\"388\" \/>kardemonivahukoor, kirsi tuille, p\u00e4hklid<\/p>\n\n    <\/div>\n  <\/div>\n<\/section>\n\n<section class=\"tar-menu mid left\">\n  <div class=\"inner\">\n        <div class=\"image\">\n      <img decoding=\"async\" src=\"https&#x3A;&#x2F;&#x2F;ravintolatar.fi&#x2F;wp-content&#x2F;uploads&#x2F;2025&#x2F;06&#x2F;Ravintola-TAR-Helsinki-menu-cocktail-dessert-1.jpg\" alt=\"\" \/>\n    <\/div>\n        <div class=\"content\">\n      <h2>Kokteilimagustoidud<\/h2>\n      <p data-start=\"240\" data-end=\"335\"><strong data-start=\"240\" data-end=\"271\">TROPICAL KISS (G, L) 9<\/strong><br data-start=\"271\" data-end=\"274\" \/>mango, rummis k\u00fcpsetatud ananass, passion, kookosj\u00e4\u00e4tis, s\u00f5rmelaim<\/p>\n<p data-start=\"337\" data-end=\"454\"><strong data-start=\"337\" data-end=\"373\">V\u00dcRTSIKAD \u00d5UNAD (L) 9<\/strong><br data-start=\"373\" data-end=\"376\" \/>kaneel, vahtrasiirup, soolahelbed, vanillij\u00e4\u00e4tis, granola, vahukoor, rosinad<\/p>\n<p data-start=\"456\" data-end=\"537\"><strong data-start=\"456\" data-end=\"482\">SEXPRESSOTINI (G, L) 9<\/strong><br data-start=\"482\" data-end=\"485\" \/>j\u00e4\u00e4k\u00fclm espresso martini, vanillij\u00e4\u00e4tis, kuldne tolm<\/p>\n\n    <\/div>\n  <\/div>\n<\/section>\n\n<section class=\"tar-text right\" id=\"joogid\">\n  <div class=\"inner\">\n    <div class=\"text\">\n      <h2>Joogid<\/h2>\n<p class=\"p1\">Meie sommeljee Marko M\u00e4gi on kokku pannud joogikaardi, mis peegeldab imeliselt kirge selle maailm avastu. Elegantsetest veinidest ja k\u00e4sit\u00f6\u00f6kokteilidest kuni hoolikalt valitud alkoholivabade jookideni, kus iga jook on valitud selleks, et muuta sinu kogemus TARis veelgi erilisemaks. Olgu sooviks sobitada jook toiduga v\u00f5i nautida lihtsalt meeldej\u00e4\u00e4vat elamust, meie joogikaart kutsub avastama, nautima ja \u00fcllatuma.<\/p>\n<p><a href=\"https:\/\/ravintolatar.fi\/wp-content\/uploads\/2025\/07\/TAR-DRINK-BIBLE-07-2025.pdf\" target=\"_blank\" rel=\"noopener\">Joogikaart<\/a><\/p>\n\n    <\/div>\n        <div class=\"image\">\n      <img decoding=\"async\" src=\"https&#x3A;&#x2F;&#x2F;ravintolatar.fi&#x2F;wp-content&#x2F;uploads&#x2F;2025&#x2F;06&#x2F;Ravintola-TAR-Helsinki-drinks-1-757x1024.jpg\" alt=\"\" \/>\n    <\/div>\n      <\/div>\n<\/section>\n\n<section class=\"tar-footer\">\n      <div class=\"links\">\n              <a href=\"https&#x3A;&#x2F;&#x2F;ravintolatar.fi&#x2F;food&#x2F;\" style=\"background-image: url(https&#x3A;&#x2F;&#x2F;ravintolatar.fi&#x2F;wp-content&#x2F;uploads&#x2F;2025&#x2F;06&#x2F;Test-kitchen-2025-13-683x1024.jpg)\">\n          <div><\/div>\n          <span>Men\u00fc\u00fc<\/span>\n        <\/a>\n              <a href=\"https&#x3A;&#x2F;&#x2F;ravintolatar.fi&#x2F;food&#x2F;&#x23;drink\" style=\"background-image: url(https&#x3A;&#x2F;&#x2F;ravintolatar.fi&#x2F;wp-content&#x2F;uploads&#x2F;2025&#x2F;06&#x2F;TAR-ravintola-restaurant-Helsinki-drinks-683x1024.jpg)\">\n          <div><\/div>\n          <span>Joogid<\/span>\n        <\/a>\n              <a href=\"https&#x3A;&#x2F;&#x2F;ravintolatar.fi&#x2F;story&#x2F;\" style=\"background-image: url(https&#x3A;&#x2F;&#x2F;ravintolatar.fi&#x2F;wp-content&#x2F;uploads&#x2F;2025&#x2F;06&#x2F;ts-819x1024.jpg)\">\n          <div><\/div>\n          <span>Lugu<\/span>\n        <\/a>\n          <\/div>\n    <div class=\"inner1\">\n    <div class=\"col50\">\n      <h2>Kontak<\/h2>\n      <div class=\"col contact\">\n        <p>\n          Restoran TAR <br \/>\nTervasaarenkannas 3 <br \/>\nFI-00170 Helsinki\n        <\/p>\n        <p>\n          <a href=\"https:\/\/maps.app.goo.gl\/ME2T5LNcXD5rTjb79\" rel=\"noreferrer noopener\" target=\"_blank\">\n            Kaart\n          <\/a>\n        <\/p>\n        <p>\n          <a href=\"tel:+358105086060\">+358 10 508 6060<\/a><br \/>\n          <a href=\"mailto:tar@ravintolatar.fi\">tar@ravintolatar.fi<\/a>\n        <\/p>\n              <\/div>\n    <\/div>\n    <div class=\"col50\">\n      <h2>Lahtiolekuajad<\/h2>\n      <div class=\"col hours\">\n\t  \t\t\t<p>\n\t\t\tTAR on hetkel suletud Tervasaarele <br \/>\r\nj\u00f5udva peamise veetoru k\u00fclmumise t\u00f5ttu. \n\t\t<\/p>\n\t\t\t\t<p>\n\t\t\tAnname teada, kui oleme taas avatud.\n\t\t<\/p>\n\t\t\t\t      <\/div>\n    <\/div>\n          <\/div>\n  <div class=\"inner2\">\n    <div class=\"col\">\n      <h2>Men\u00fc\u00fc<\/h2>\n              <a href=\"https&#x3A;&#x2F;&#x2F;ravintolatar.fi&#x2F;sample-page&#x2F;\">Welcome<\/a><br \/>\n              <a href=\"https&#x3A;&#x2F;&#x2F;ravintolatar.fi&#x2F;food&#x2F;\">Food &amp; Drink<\/a><br \/>\n              <a href=\"https&#x3A;&#x2F;&#x2F;ravintolatar.fi&#x2F;story&#x2F;\">Story<\/a><br \/>\n              <a href=\"https&#x3A;&#x2F;&#x2F;ravintolatar.fi&#x2F;gift-cards&#x2F;\">Gift cards<\/a><br \/>\n              <a href=\"https&#x3A;&#x2F;&#x2F;siigur.ee&#x2F;en&#x2F;loyalty-program&#x2F;\">Loyalty program<\/a><br \/>\n              <a href=\"https&#x3A;&#x2F;&#x2F;ravintolatar.fi&#x2F;contact&#x2F;\">Contact<\/a><br \/>\n          <\/div>\n    <div class=\"col\">\n      <h2>J\u00e4lgi meid<\/h2>\n\t  \t  \t<a href=\"https&#x3A;&#x2F;&#x2F;www.instagram.com&#x2F;tarhelsinki&#x2F;\" rel=\"noreferrer noopener\" target=\"_blank\">Instagram<\/a><br \/>\n\t  \t  \t<a href=\"https&#x3A;&#x2F;&#x2F;www.facebook.com&#x2F;people&#x2F;TAR-Helsinki&#x2F;61574536226753&#x2F;\" rel=\"noreferrer noopener\" target=\"_blank\">Facebook<\/a><br \/>\n\t  \t      <\/div>\n      <\/div>\n  <div class=\"inner3\">\n    <div class=\"col1\">\n      &copy; TAR 2026 &nbsp; <a href=\"&#x2F;privacy\">Privaatsuspoliitika<\/a>\n    <\/div>\n    <div class=\"col2\">\n      <svg viewBox=\"0 0 160 76\" fill=\"none\" xmlns=\"http:\/\/www.w3.org\/2000\/svg\">\n        <path d=\"M159.409 24.8472C159.343 11.3992 148.29 0.575195 134.809 0.575195H109.258V75.4248H114.309V61.3864C114.309 54.6952 119.721 49.2832 126.412 49.2832H131.857C134.842 49.2832 137.662 50.8248 139.237 53.3832L152.98 75.392H158.917L147.01 56.3352C144.583 52.4648 145.567 47.3808 149.241 44.724C155.374 40.2632 159.376 33.0144 159.343 24.8472H159.409ZM114.309 35.6056V14.3184C114.309 9.4968 118.212 5.6264 123.001 5.6264H134.809C145.502 5.6264 154.292 14.22 154.325 24.9128C154.325 35.6056 145.666 44.2976 134.973 44.2976H122.968C118.146 44.2976 114.276 40.3944 114.276 35.6056H114.309ZM24.732 17.7296C24.732 11.0384 19.32 5.6264 12.6288 5.6264H0.591187V0.575195H53.924V5.6264H41.8536C35.1624 5.6264 29.7504 11.0384 29.7504 17.7296V75.392H24.6992V17.7296H24.732ZM96.1704 75.392H101.517L75.7688 0.575195H70.4224L44.6744 75.392H50.0208L52.7432 67.4872C54.416 62.6 59.008 59.32 64.1904 59.32H82.0336C87.216 59.32 91.808 62.6 93.4808 67.4872L96.2032 75.392H96.1704ZM61.2384 42.756L68.9792 20.288C70.324 16.3848 75.8672 16.3848 77.212 20.288L84.9528 42.756C86.888 48.3976 82.6896 54.3016 76.72 54.3016H69.4712C63.5016 54.3016 59.3032 48.4304 61.2384 42.756Z\" \/>\n      <\/svg>\n    <\/div>\n    <div class=\"col3\">\n      <div class=\"lang\">\n        <a href=\"\/fi\">FI<\/a>\n        <span>|<\/span>\n        <a href=\"\/et\" class=\"active\">ET<\/a>\n        <span>|<\/span>\n        <a href=\"\/\">EN<\/a>\n      <\/div>\n    <\/div>\n  <\/div>\n<\/section>\n","protected":false},"excerpt":{"rendered":"","protected":false},"author":3,"featured_media":0,"parent":0,"menu_order":0,"comment_status":"closed","ping_status":"closed","template":"","meta":{"_acf_changed":false,"footnotes":""},"class_list":["post-562","page","type-page","status-publish","hentry"],"acf":[],"yoast_head":"<!-- This site is optimized with the Yoast SEO plugin v27.1.1 - https:\/\/yoast.com\/product\/yoast-seo-wordpress\/ -->\n<title>Men\u00fc\u00fc - TAR<\/title>\n<meta name=\"robots\" content=\"index, follow, max-snippet:-1, max-image-preview:large, max-video-preview:-1\" \/>\n<link rel=\"canonical\" href=\"https:\/\/ravintolatar.fi\/et\/menuu\/\" \/>\n<meta property=\"og:locale\" content=\"et_EE\" \/>\n<meta property=\"og:type\" content=\"article\" \/>\n<meta property=\"og:title\" content=\"Men\u00fc\u00fc - TAR\" \/>\n<meta property=\"og:url\" content=\"https:\/\/ravintolatar.fi\/et\/menuu\/\" \/>\n<meta property=\"og:site_name\" content=\"TAR\" \/>\n<meta property=\"article:modified_time\" content=\"2026-01-27T07:29:20+00:00\" \/>\n<meta property=\"og:image\" content=\"https:\/\/ravintolatar.fi\/wp-content\/uploads\/2025\/05\/hero1.jpg\" \/>\n\t<meta property=\"og:image:width\" content=\"1343\" \/>\n\t<meta property=\"og:image:height\" content=\"614\" \/>\n\t<meta property=\"og:image:type\" content=\"image\/jpeg\" \/>\n<meta name=\"twitter:card\" content=\"summary_large_image\" \/>\n<meta name=\"twitter:label1\" content=\"Est. reading time\" \/>\n\t<meta name=\"twitter:data1\" content=\"4 minutit\" \/>\n<script type=\"application\/ld+json\" class=\"yoast-schema-graph\">{\"@context\":\"https:\/\/schema.org\",\"@graph\":[{\"@type\":\"WebPage\",\"@id\":\"https:\/\/ravintolatar.fi\/et\/menuu\/\",\"url\":\"https:\/\/ravintolatar.fi\/et\/menuu\/\",\"name\":\"Men\u00fc\u00fc - TAR\",\"isPartOf\":{\"@id\":\"https:\/\/ravintolatar.fi\/et\/#website\"},\"datePublished\":\"2025-05-26T05:07:21+00:00\",\"dateModified\":\"2026-01-27T07:29:20+00:00\",\"breadcrumb\":{\"@id\":\"https:\/\/ravintolatar.fi\/et\/menuu\/#breadcrumb\"},\"inLanguage\":\"et\",\"potentialAction\":[{\"@type\":\"ReadAction\",\"target\":[\"https:\/\/ravintolatar.fi\/et\/menuu\/\"]}]},{\"@type\":\"BreadcrumbList\",\"@id\":\"https:\/\/ravintolatar.fi\/et\/menuu\/#breadcrumb\",\"itemListElement\":[{\"@type\":\"ListItem\",\"position\":1,\"name\":\"Home\",\"item\":\"https:\/\/ravintolatar.fi\/et\/\"},{\"@type\":\"ListItem\",\"position\":2,\"name\":\"Men\u00fc\u00fc\"}]},{\"@type\":\"WebSite\",\"@id\":\"https:\/\/ravintolatar.fi\/et\/#website\",\"url\":\"https:\/\/ravintolatar.fi\/et\/\",\"name\":\"Ravintola TAR\",\"description\":\"Unforgettable flavors\",\"alternateName\":\"TAR\",\"potentialAction\":[{\"@type\":\"SearchAction\",\"target\":{\"@type\":\"EntryPoint\",\"urlTemplate\":\"https:\/\/ravintolatar.fi\/et\/?s={search_term_string}\"},\"query-input\":{\"@type\":\"PropertyValueSpecification\",\"valueRequired\":true,\"valueName\":\"search_term_string\"}}],\"inLanguage\":\"et\"}]}<\/script>\n<!-- \/ Yoast SEO plugin. -->","yoast_head_json":{"title":"Men\u00fc\u00fc - TAR","robots":{"index":"index","follow":"follow","max-snippet":"max-snippet:-1","max-image-preview":"max-image-preview:large","max-video-preview":"max-video-preview:-1"},"canonical":"https:\/\/ravintolatar.fi\/et\/menuu\/","og_locale":"et_EE","og_type":"article","og_title":"Men\u00fc\u00fc - TAR","og_url":"https:\/\/ravintolatar.fi\/et\/menuu\/","og_site_name":"TAR","article_modified_time":"2026-01-27T07:29:20+00:00","og_image":[{"width":1343,"height":614,"url":"https:\/\/ravintolatar.fi\/wp-content\/uploads\/2025\/05\/hero1.jpg","type":"image\/jpeg"}],"twitter_card":"summary_large_image","twitter_misc":{"Est. reading time":"4 minutit"},"schema":{"@context":"https:\/\/schema.org","@graph":[{"@type":"WebPage","@id":"https:\/\/ravintolatar.fi\/et\/menuu\/","url":"https:\/\/ravintolatar.fi\/et\/menuu\/","name":"Men\u00fc\u00fc - TAR","isPartOf":{"@id":"https:\/\/ravintolatar.fi\/et\/#website"},"datePublished":"2025-05-26T05:07:21+00:00","dateModified":"2026-01-27T07:29:20+00:00","breadcrumb":{"@id":"https:\/\/ravintolatar.fi\/et\/menuu\/#breadcrumb"},"inLanguage":"et","potentialAction":[{"@type":"ReadAction","target":["https:\/\/ravintolatar.fi\/et\/menuu\/"]}]},{"@type":"BreadcrumbList","@id":"https:\/\/ravintolatar.fi\/et\/menuu\/#breadcrumb","itemListElement":[{"@type":"ListItem","position":1,"name":"Home","item":"https:\/\/ravintolatar.fi\/et\/"},{"@type":"ListItem","position":2,"name":"Men\u00fc\u00fc"}]},{"@type":"WebSite","@id":"https:\/\/ravintolatar.fi\/et\/#website","url":"https:\/\/ravintolatar.fi\/et\/","name":"Ravintola TAR","description":"Unforgettable flavors","alternateName":"TAR","potentialAction":[{"@type":"SearchAction","target":{"@type":"EntryPoint","urlTemplate":"https:\/\/ravintolatar.fi\/et\/?s={search_term_string}"},"query-input":{"@type":"PropertyValueSpecification","valueRequired":true,"valueName":"search_term_string"}}],"inLanguage":"et"}]}},"_links":{"self":[{"href":"https:\/\/ravintolatar.fi\/et\/wp-json\/wp\/v2\/pages\/562","targetHints":{"allow":["GET"]}}],"collection":[{"href":"https:\/\/ravintolatar.fi\/et\/wp-json\/wp\/v2\/pages"}],"about":[{"href":"https:\/\/ravintolatar.fi\/et\/wp-json\/wp\/v2\/types\/page"}],"author":[{"embeddable":true,"href":"https:\/\/ravintolatar.fi\/et\/wp-json\/wp\/v2\/users\/3"}],"replies":[{"embeddable":true,"href":"https:\/\/ravintolatar.fi\/et\/wp-json\/wp\/v2\/comments?post=562"}],"version-history":[{"count":25,"href":"https:\/\/ravintolatar.fi\/et\/wp-json\/wp\/v2\/pages\/562\/revisions"}],"predecessor-version":[{"id":1147,"href":"https:\/\/ravintolatar.fi\/et\/wp-json\/wp\/v2\/pages\/562\/revisions\/1147"}],"wp:attachment":[{"href":"https:\/\/ravintolatar.fi\/et\/wp-json\/wp\/v2\/media?parent=562"}],"curies":[{"name":"wp","href":"https:\/\/api.w.org\/{rel}","templated":true}]}}