{"id":382,"date":"2025-05-01T11:26:56","date_gmt":"2025-05-01T09:26:56","guid":{"rendered":"https:\/\/ravintolatar.fi\/sample-page\/"},"modified":"2026-01-27T09:52:40","modified_gmt":"2026-01-27T07:52:40","slug":"sample-page","status":"publish","type":"page","link":"https:\/\/ravintolatar.fi\/et\/","title":{"rendered":"Tere tulemast"},"content":{"rendered":"<section class=\"tar-hero\">\n    <div class=\"inner\" style=\"background-image: url(https&#x3A;&#x2F;&#x2F;ravintolatar.fi&#x2F;wp-content&#x2F;uploads&#x2F;2025&#x2F;06&#x2F;Ravintola-TAR-Helsinki-restaurant.jpg)\">\n          <div class=\"content\">\n      <p>TERE TULEMAST<\/p>\n<h1>Iidne v\u00e4gi,<br \/>\nkaasaegne puudutus<\/h1>\n\n    <\/div>\n  <\/div>\n<\/section>\n\n<section class=\"tar-book mobile\">\n  <div class=\"inner\">\n    <a href=\"https&#x3A;&#x2F;&#x2F;book.dinnerbooking.com&#x2F;fi&#x2F;en-US&#x2F;book&#x2F;index&#x2F;4095&#x2F;2\" target=\"_blank\" rel=\"noreferrer nooopener\">\n      Broneerimine\n    <\/a>\n  <\/div>\n<\/section>\n\n<section class=\"tar-quote\">\n  <div class=\"inner\">\n    <h2>Helsingi linna veetoru Tervasaarde on k\u00fclmunud ning restoran on olnud juba kaks n\u00e4dalat veeta. Kahjuks oleme olnud sunnitud TARi uksed sulgema ning praegu ei ole teada, millal linn suudab olukorra lahendada.\r\nOleme omalt poolt teinud k\u00f5ik v\u00f5imaliku ning proovinud ka alternatiivseid lahendusi vee toomiseks kohale, kuid need ei ole mingil juhul j\u00e4tkusuutlikud ega ka majanduslikult teostatavad.\r\nSee olukord on juba p\u00f5hjustanud ning p\u00f5hjustab ka edaspidi v\u00e4ga suuri kahjusid. Tegemist on trag\u00f6\u00f6diaga ka meie t\u00f6\u00f6tajate jaoks, kuna inimesed on tulnud saata sundpuhkusele ning kogu nende poolt ette valmistatud toit on tulnud \u00e4ra visata.\r\nHelsingi linnalt ei ole me seni saanud vastust edasiste sammude osas. Anname olukorrast teada kohe, kui saame lisainfot.<\/h2>\n    <div class=\"author\">\n          <\/div>\n  <\/div>\n<\/section>\n\n<section class=\"tar-spacer \"><\/section>\n\n<section class=\"tar-footer\">\n      <div class=\"links\">\n              <a href=\"https&#x3A;&#x2F;&#x2F;ravintolatar.fi&#x2F;et&#x2F;menuu&#x2F;\" style=\"background-image: url(https&#x3A;&#x2F;&#x2F;ravintolatar.fi&#x2F;wp-content&#x2F;uploads&#x2F;2025&#x2F;06&#x2F;Test-kitchen-2025-13-683x1024.jpg)\">\n          <div><\/div>\n          <span>Men\u00fc\u00fc<\/span>\n        <\/a>\n              <a href=\"https&#x3A;&#x2F;&#x2F;ravintolatar.fi&#x2F;et&#x2F;menuu&#x2F;&#x23;joogid\" style=\"background-image: url(https&#x3A;&#x2F;&#x2F;ravintolatar.fi&#x2F;wp-content&#x2F;uploads&#x2F;2025&#x2F;06&#x2F;TAR-ravintola-restaurant-Helsinki-drinks-683x1024.jpg)\">\n          <div><\/div>\n          <span>Joogid<\/span>\n        <\/a>\n              <a href=\"https&#x3A;&#x2F;&#x2F;ravintolatar.fi&#x2F;et&#x2F;lugu&#x2F;\" style=\"background-image: url(https&#x3A;&#x2F;&#x2F;ravintolatar.fi&#x2F;wp-content&#x2F;uploads&#x2F;2025&#x2F;06&#x2F;ts-819x1024.jpg)\">\n          <div><\/div>\n          <span>Lugu<\/span>\n        <\/a>\n          <\/div>\n    <div class=\"inner1\">\n    <div class=\"col50\">\n      <h2>Kontak<\/h2>\n      <div class=\"col contact\">\n        <p>\n          Restoran TAR <br \/>\nTervasaarenkannas 3 <br \/>\nFI-00170 Helsinki\n        <\/p>\n        <p>\n          <a href=\"https:\/\/maps.app.goo.gl\/ME2T5LNcXD5rTjb79\" rel=\"noreferrer noopener\" target=\"_blank\">\n            Kaart\n          <\/a>\n        <\/p>\n        <p>\n          <a href=\"tel:+358105086060\">+358 10 508 6060<\/a><br \/>\n          <a href=\"mailto:tar@ravintolatar.fi\">tar@ravintolatar.fi<\/a>\n        <\/p>\n              <\/div>\n    <\/div>\n    <div class=\"col50\">\n      <h2>Lahtiolekuajad<\/h2>\n      <div class=\"col hours\">\n\t  \t\t\t<p>\n\t\t\tTAR on hetkel suletud Tervasaarele <br \/>\r\nj\u00f5udva peamise veetoru k\u00fclmumise t\u00f5ttu. \n\t\t<\/p>\n\t\t\t\t<p>\n\t\t\tAnname teada, kui oleme taas avatud.\n\t\t<\/p>\n\t\t\t\t      <\/div>\n    <\/div>\n          <\/div>\n  <div class=\"inner2\">\n    <div class=\"col\">\n      <h2>Men\u00fc\u00fc<\/h2>\n              <a href=\"https&#x3A;&#x2F;&#x2F;ravintolatar.fi&#x2F;sample-page&#x2F;\">Welcome<\/a><br \/>\n              <a href=\"https&#x3A;&#x2F;&#x2F;ravintolatar.fi&#x2F;food&#x2F;\">Food &amp; Drink<\/a><br \/>\n              <a href=\"https&#x3A;&#x2F;&#x2F;ravintolatar.fi&#x2F;story&#x2F;\">Story<\/a><br \/>\n              <a href=\"https&#x3A;&#x2F;&#x2F;ravintolatar.fi&#x2F;gift-cards&#x2F;\">Gift cards<\/a><br \/>\n              <a href=\"https&#x3A;&#x2F;&#x2F;siigur.ee&#x2F;en&#x2F;loyalty-program&#x2F;\">Loyalty program<\/a><br \/>\n              <a href=\"https&#x3A;&#x2F;&#x2F;ravintolatar.fi&#x2F;contact&#x2F;\">Contact<\/a><br \/>\n          <\/div>\n    <div class=\"col\">\n      <h2>J\u00e4lgi meid<\/h2>\n\t  \t  \t<a href=\"https&#x3A;&#x2F;&#x2F;www.instagram.com&#x2F;tarhelsinki&#x2F;\" rel=\"noreferrer noopener\" target=\"_blank\">Instagram<\/a><br \/>\n\t  \t  \t<a href=\"https&#x3A;&#x2F;&#x2F;www.facebook.com&#x2F;people&#x2F;TAR-Helsinki&#x2F;61574536226753&#x2F;\" rel=\"noreferrer noopener\" target=\"_blank\">Facebook<\/a><br \/>\n\t  \t      <\/div>\n      <\/div>\n  <div class=\"inner3\">\n    <div class=\"col1\">\n      &copy; TAR 2026 &nbsp; <a href=\"&#x2F;privacy\">Privaatsuspoliitika<\/a>\n    <\/div>\n    <div class=\"col2\">\n      <svg viewBox=\"0 0 160 76\" fill=\"none\" xmlns=\"http:\/\/www.w3.org\/2000\/svg\">\n        <path d=\"M159.409 24.8472C159.343 11.3992 148.29 0.575195 134.809 0.575195H109.258V75.4248H114.309V61.3864C114.309 54.6952 119.721 49.2832 126.412 49.2832H131.857C134.842 49.2832 137.662 50.8248 139.237 53.3832L152.98 75.392H158.917L147.01 56.3352C144.583 52.4648 145.567 47.3808 149.241 44.724C155.374 40.2632 159.376 33.0144 159.343 24.8472H159.409ZM114.309 35.6056V14.3184C114.309 9.4968 118.212 5.6264 123.001 5.6264H134.809C145.502 5.6264 154.292 14.22 154.325 24.9128C154.325 35.6056 145.666 44.2976 134.973 44.2976H122.968C118.146 44.2976 114.276 40.3944 114.276 35.6056H114.309ZM24.732 17.7296C24.732 11.0384 19.32 5.6264 12.6288 5.6264H0.591187V0.575195H53.924V5.6264H41.8536C35.1624 5.6264 29.7504 11.0384 29.7504 17.7296V75.392H24.6992V17.7296H24.732ZM96.1704 75.392H101.517L75.7688 0.575195H70.4224L44.6744 75.392H50.0208L52.7432 67.4872C54.416 62.6 59.008 59.32 64.1904 59.32H82.0336C87.216 59.32 91.808 62.6 93.4808 67.4872L96.2032 75.392H96.1704ZM61.2384 42.756L68.9792 20.288C70.324 16.3848 75.8672 16.3848 77.212 20.288L84.9528 42.756C86.888 48.3976 82.6896 54.3016 76.72 54.3016H69.4712C63.5016 54.3016 59.3032 48.4304 61.2384 42.756Z\" \/>\n      <\/svg>\n    <\/div>\n    <div class=\"col3\">\n      <div class=\"lang\">\n        <a href=\"\/fi\">FI<\/a>\n        <span>|<\/span>\n        <a href=\"\/et\" class=\"active\">ET<\/a>\n        <span>|<\/span>\n        <a href=\"\/\">EN<\/a>\n      <\/div>\n    <\/div>\n  <\/div>\n<\/section>\n","protected":false},"excerpt":{"rendered":"","protected":false},"author":2,"featured_media":0,"parent":0,"menu_order":0,"comment_status":"closed","ping_status":"closed","template":"","meta":{"_acf_changed":false,"footnotes":""},"class_list":["post-382","page","type-page","status-publish","hentry"],"acf":[],"yoast_head":"<!-- This site is optimized with the Yoast SEO plugin v27.1.1 - https:\/\/yoast.com\/product\/yoast-seo-wordpress\/ -->\n<title>Tere tulemast - TAR<\/title>\n<meta name=\"description\" content=\"Unforgettable flavors by the sea \u2014 with a breeze of relaxed elegance.\" \/>\n<meta name=\"robots\" content=\"index, follow, max-snippet:-1, max-image-preview:large, max-video-preview:-1\" \/>\n<link rel=\"canonical\" href=\"https:\/\/ravintolatar.fi\/et\/\" \/>\n<meta property=\"og:locale\" content=\"et_EE\" \/>\n<meta property=\"og:type\" content=\"article\" \/>\n<meta property=\"og:title\" content=\"Tere tulemast - TAR\" \/>\n<meta property=\"og:description\" content=\"Unforgettable flavors by the sea \u2014 with a breeze of relaxed elegance.\" \/>\n<meta property=\"og:url\" content=\"https:\/\/ravintolatar.fi\/et\/\" \/>\n<meta property=\"og:site_name\" content=\"TAR\" \/>\n<meta property=\"article:modified_time\" content=\"2026-01-27T07:52:40+00:00\" \/>\n<meta property=\"og:image\" content=\"https:\/\/ravintolatar.fi\/wp-content\/uploads\/2025\/05\/hero1.jpg\" \/>\n\t<meta property=\"og:image:width\" content=\"1343\" \/>\n\t<meta property=\"og:image:height\" content=\"614\" \/>\n\t<meta property=\"og:image:type\" content=\"image\/jpeg\" \/>\n<meta name=\"twitter:card\" content=\"summary_large_image\" \/>\n<meta name=\"twitter:label1\" content=\"Est. reading time\" \/>\n\t<meta name=\"twitter:data1\" content=\"1 minut\" \/>\n<script type=\"application\/ld+json\" class=\"yoast-schema-graph\">{\"@context\":\"https:\/\/schema.org\",\"@graph\":[{\"@type\":\"WebPage\",\"@id\":\"https:\/\/ravintolatar.fi\/et\/\",\"url\":\"https:\/\/ravintolatar.fi\/et\/\",\"name\":\"Tere tulemast - TAR\",\"isPartOf\":{\"@id\":\"https:\/\/ravintolatar.fi\/et\/#website\"},\"datePublished\":\"2025-05-01T09:26:56+00:00\",\"dateModified\":\"2026-01-27T07:52:40+00:00\",\"description\":\"Unforgettable flavors by the sea \u2014 with a breeze of relaxed elegance.\",\"breadcrumb\":{\"@id\":\"https:\/\/ravintolatar.fi\/et\/#breadcrumb\"},\"inLanguage\":\"et\",\"potentialAction\":[{\"@type\":\"ReadAction\",\"target\":[\"https:\/\/ravintolatar.fi\/et\/\"]}]},{\"@type\":\"BreadcrumbList\",\"@id\":\"https:\/\/ravintolatar.fi\/et\/#breadcrumb\",\"itemListElement\":[{\"@type\":\"ListItem\",\"position\":1,\"name\":\"Home\",\"item\":\"https:\/\/ravintolatar.fi\/et\/\"},{\"@type\":\"ListItem\",\"position\":2,\"name\":\"Tere tulemast\"}]},{\"@type\":\"WebSite\",\"@id\":\"https:\/\/ravintolatar.fi\/et\/#website\",\"url\":\"https:\/\/ravintolatar.fi\/et\/\",\"name\":\"Ravintola TAR\",\"description\":\"Unforgettable flavors\",\"alternateName\":\"TAR\",\"potentialAction\":[{\"@type\":\"SearchAction\",\"target\":{\"@type\":\"EntryPoint\",\"urlTemplate\":\"https:\/\/ravintolatar.fi\/et\/?s={search_term_string}\"},\"query-input\":{\"@type\":\"PropertyValueSpecification\",\"valueRequired\":true,\"valueName\":\"search_term_string\"}}],\"inLanguage\":\"et\"}]}<\/script>\n<!-- \/ Yoast SEO plugin. -->","yoast_head_json":{"title":"Tere tulemast - TAR","description":"Unforgettable flavors by the sea \u2014 with a breeze of relaxed elegance.","robots":{"index":"index","follow":"follow","max-snippet":"max-snippet:-1","max-image-preview":"max-image-preview:large","max-video-preview":"max-video-preview:-1"},"canonical":"https:\/\/ravintolatar.fi\/et\/","og_locale":"et_EE","og_type":"article","og_title":"Tere tulemast - TAR","og_description":"Unforgettable flavors by the sea \u2014 with a breeze of relaxed elegance.","og_url":"https:\/\/ravintolatar.fi\/et\/","og_site_name":"TAR","article_modified_time":"2026-01-27T07:52:40+00:00","og_image":[{"width":1343,"height":614,"url":"https:\/\/ravintolatar.fi\/wp-content\/uploads\/2025\/05\/hero1.jpg","type":"image\/jpeg"}],"twitter_card":"summary_large_image","twitter_misc":{"Est. reading time":"1 minut"},"schema":{"@context":"https:\/\/schema.org","@graph":[{"@type":"WebPage","@id":"https:\/\/ravintolatar.fi\/et\/","url":"https:\/\/ravintolatar.fi\/et\/","name":"Tere tulemast - TAR","isPartOf":{"@id":"https:\/\/ravintolatar.fi\/et\/#website"},"datePublished":"2025-05-01T09:26:56+00:00","dateModified":"2026-01-27T07:52:40+00:00","description":"Unforgettable flavors by the sea \u2014 with a breeze of relaxed elegance.","breadcrumb":{"@id":"https:\/\/ravintolatar.fi\/et\/#breadcrumb"},"inLanguage":"et","potentialAction":[{"@type":"ReadAction","target":["https:\/\/ravintolatar.fi\/et\/"]}]},{"@type":"BreadcrumbList","@id":"https:\/\/ravintolatar.fi\/et\/#breadcrumb","itemListElement":[{"@type":"ListItem","position":1,"name":"Home","item":"https:\/\/ravintolatar.fi\/et\/"},{"@type":"ListItem","position":2,"name":"Tere tulemast"}]},{"@type":"WebSite","@id":"https:\/\/ravintolatar.fi\/et\/#website","url":"https:\/\/ravintolatar.fi\/et\/","name":"Ravintola TAR","description":"Unforgettable flavors","alternateName":"TAR","potentialAction":[{"@type":"SearchAction","target":{"@type":"EntryPoint","urlTemplate":"https:\/\/ravintolatar.fi\/et\/?s={search_term_string}"},"query-input":{"@type":"PropertyValueSpecification","valueRequired":true,"valueName":"search_term_string"}}],"inLanguage":"et"}]}},"_links":{"self":[{"href":"https:\/\/ravintolatar.fi\/et\/wp-json\/wp\/v2\/pages\/382","targetHints":{"allow":["GET"]}}],"collection":[{"href":"https:\/\/ravintolatar.fi\/et\/wp-json\/wp\/v2\/pages"}],"about":[{"href":"https:\/\/ravintolatar.fi\/et\/wp-json\/wp\/v2\/types\/page"}],"author":[{"embeddable":true,"href":"https:\/\/ravintolatar.fi\/et\/wp-json\/wp\/v2\/users\/2"}],"replies":[{"embeddable":true,"href":"https:\/\/ravintolatar.fi\/et\/wp-json\/wp\/v2\/comments?post=382"}],"version-history":[{"count":12,"href":"https:\/\/ravintolatar.fi\/et\/wp-json\/wp\/v2\/pages\/382\/revisions"}],"predecessor-version":[{"id":1151,"href":"https:\/\/ravintolatar.fi\/et\/wp-json\/wp\/v2\/pages\/382\/revisions\/1151"}],"wp:attachment":[{"href":"https:\/\/ravintolatar.fi\/et\/wp-json\/wp\/v2\/media?parent=382"}],"curies":[{"name":"wp","href":"https:\/\/api.w.org\/{rel}","templated":true}]}}